{"id":8878,"date":"2017-04-13T08:10:19","date_gmt":"2017-04-13T08:10:19","guid":{"rendered":"https:\/\/espaciohd.com\/successful\/"},"modified":"2017-04-13T10:35:39","modified_gmt":"2017-04-13T10:35:39","slug":"successful","status":"publish","type":"page","link":"https:\/\/espaciohd.com\/fr\/successful\/","title":{"rendered":"R\u00e9servation confirm\u00e9e. V\u00e9rifie votre courrier"},"content":{"rendered":"<p>[vc_row][vc_column][vc_column_text]<strong>R\u00e9servation confirm\u00e9e. V\u00e9rifiez votre courrier<\/strong><\/p>\n<p>Nous avons envoy\u00e9 un e-mail avec un r\u00e9sum\u00e9 de votre r\u00e9servation. \u00e9galement en revue votre bo\u00eete de r\u00e9ception spam (SPAM).<\/p>\n<p>[\/vc_column_text][\/vc_column][\/vc_row]<\/p>\n","protected":false},"excerpt":{"rendered":"<p>[vc_row][vc_column][vc_column_text]R\u00e9servation confirm\u00e9e. V\u00e9rifiez votre courrier Nous avons envoy\u00e9 un e-mail avec un r\u00e9sum\u00e9 de votre r\u00e9servation. \u00e9galement en revue votre bo\u00eete de r\u00e9ception spam (SPAM). [\/vc_column_text][\/vc_column][\/vc_row]<\/p>\n","protected":false},"author":3,"featured_media":0,"parent":0,"menu_order":0,"comment_status":"closed","ping_status":"closed","template":"","meta":{"_acf_changed":false,"footnotes":""},"class_list":["post-8878","page","type-page","status-publish","hentry"],"acf":[],"_links":{"self":[{"href":"https:\/\/espaciohd.com\/fr\/wp-json\/wp\/v2\/pages\/8878","targetHints":{"allow":["GET"]}}],"collection":[{"href":"https:\/\/espaciohd.com\/fr\/wp-json\/wp\/v2\/pages"}],"about":[{"href":"https:\/\/espaciohd.com\/fr\/wp-json\/wp\/v2\/types\/page"}],"author":[{"embeddable":true,"href":"https:\/\/espaciohd.com\/fr\/wp-json\/wp\/v2\/users\/3"}],"replies":[{"embeddable":true,"href":"https:\/\/espaciohd.com\/fr\/wp-json\/wp\/v2\/comments?post=8878"}],"version-history":[{"count":0,"href":"https:\/\/espaciohd.com\/fr\/wp-json\/wp\/v2\/pages\/8878\/revisions"}],"wp:attachment":[{"href":"https:\/\/espaciohd.com\/fr\/wp-json\/wp\/v2\/media?parent=8878"}],"curies":[{"name":"wp","href":"https:\/\/api.w.org\/{rel}","templated":true}]}}