{"id":52421,"date":"2024-03-01T10:26:52","date_gmt":"2024-03-01T10:26:52","guid":{"rendered":"https:\/\/espaciohd.com\/?page_id=52421"},"modified":"2024-03-01T10:35:36","modified_gmt":"2024-03-01T10:35:36","slug":"espace-tatouage-barcelona","status":"publish","type":"page","link":"https:\/\/espaciohd.com\/fr\/espace-tatouage-barcelona\/","title":{"rendered":"Espace Tatouage Barcelona"},"content":{"rendered":"<p>[vc_row][vc_column width=\u00a0\u00bb1\/2&Prime; css=\u00a0\u00bb.vc_custom_1709201683219{margin-bottom: 2rem !important;}\u00a0\u00bb][vc_single_image image=\u00a0\u00bb52315&Prime; img_size=\u00a0\u00bbfull\u00a0\u00bb alignment=\u00a0\u00bbcenter\u00a0\u00bb][\/vc_column][vc_column width=\u00a0\u00bb1\/2&Prime; css=\u00a0\u00bb.vc_custom_1709201707842{margin-bottom: 2rem !important;}\u00a0\u00bb][vc_column_text]<\/p>\n<h2>ESPACE TATOUAGE BARCELONA<\/h2>\n<h3 style=\"font-size: 30px; color: #ff821b; text-transform: uppercase;\">Un studio de tatouage avec deux cabines \u00e0 l&rsquo;int\u00e9rieur de la concession Harley-Davidson<\/h3>\n<h4 style=\"color: #ff821b;\">R\u00c9SERVATIONS<\/h4>\n<p>(+34) 623420961 \/ info@espaciotattoo.com<\/p>\n<h4 style=\"color: #ff821b;\">QUE FAISONS-NOUS?<\/h4>\n<p>Tatouages, piercing, laser pour effacer les tatouages.<\/p>\n<h4 style=\"color: #ff821b;\">R\u00c9SEAUX SOCIAUX<\/h4>\n<p>[\/vc_column_text][vc_single_image image=\u00a0\u00bb52405&Prime; alignment=\u00a0\u00bbcenter\u00a0\u00bb onclick=\u00a0\u00bbcustom_link\u00a0\u00bb img_link_target=\u00a0\u00bb_blank\u00a0\u00bb link=\u00a0\u00bbhttps:\/\/www.instagram.com\/espaciotattoo\/\u00a0\u00bb][\/vc_column][\/vc_row][vc_row css=\u00a0\u00bb.vc_custom_1709143226717{margin-top: 40px !important;}\u00a0\u00bb][vc_column width=\u00a0\u00bb1\/2&Prime; css=\u00a0\u00bb.vc_custom_1709201737331{margin-bottom: 2rem !important;}\u00a0\u00bb][vc_single_image image=\u00a0\u00bb52293&Prime; img_size=\u00a0\u00bblarge\u00a0\u00bb alignment=\u00a0\u00bbcenter\u00a0\u00bb onclick=\u00a0\u00bblink_image\u00a0\u00bb][\/vc_column][vc_column width=\u00a0\u00bb1\/2&Prime; css=\u00a0\u00bb.vc_custom_1709201745010{margin-bottom: 2rem !important;}\u00a0\u00bb][vc_single_image image=\u00a0\u00bb52299&Prime; img_size=\u00a0\u00bblarge\u00a0\u00bb alignment=\u00a0\u00bbcenter\u00a0\u00bb onclick=\u00a0\u00bblink_image\u00a0\u00bb][\/vc_column][\/vc_row][vc_row][vc_column][vc_empty_space height=\u00a0\u00bb80px\u00a0\u00bb][\/vc_column][\/vc_row]<\/p>\n","protected":false},"excerpt":{"rendered":"<p>[vc_row][vc_column width=\u00a0\u00bb1\/2&Prime; css=\u00a0\u00bb.vc_custom_1709201683219{margin-bottom: 2rem !important;}\u00a0\u00bb][vc_single_image image=\u00a0\u00bb52315&Prime; img_size=\u00a0\u00bbfull\u00a0\u00bb alignment=\u00a0\u00bbcenter\u00a0\u00bb][\/vc_column][vc_column width=\u00a0\u00bb1\/2&Prime; css=\u00a0\u00bb.vc_custom_1709201707842{margin-bottom: 2rem !important;}\u00a0\u00bb][vc_column_text] ESPACE TATOUAGE BARCELONA Un studio de tatouage avec deux cabines \u00e0 l&rsquo;int\u00e9rieur de la concession Harley-Davidson R\u00c9SERVATIONS (+34) 623420961 \/ info@espaciotattoo.com QUE FAISONS-NOUS? Tatouages, piercing, laser pour effacer les tatouages. R\u00c9SEAUX SOCIAUX [\/vc_column_text][vc_single_image image=\u00a0\u00bb52405&Prime; alignment=\u00a0\u00bbcenter\u00a0\u00bb onclick=\u00a0\u00bbcustom_link\u00a0\u00bb img_link_target=\u00a0\u00bb_blank\u00a0\u00bb link=\u00a0\u00bbhttps:\/\/www.instagram.com\/espaciotattoo\/\u00a0\u00bb][\/vc_column][\/vc_row][vc_row css=\u00a0\u00bb.vc_custom_1709143226717{margin-top: 40px !important;}\u00a0\u00bb][vc_column width=\u00a0\u00bb1\/2&Prime; css=\u00a0\u00bb.vc_custom_1709201737331{margin-bottom:&#8230;<\/p>\n","protected":false},"author":3,"featured_media":0,"parent":0,"menu_order":0,"comment_status":"closed","ping_status":"closed","template":"","meta":{"_acf_changed":false,"footnotes":""},"class_list":["post-52421","page","type-page","status-publish","hentry"],"acf":[],"_links":{"self":[{"href":"https:\/\/espaciohd.com\/fr\/wp-json\/wp\/v2\/pages\/52421","targetHints":{"allow":["GET"]}}],"collection":[{"href":"https:\/\/espaciohd.com\/fr\/wp-json\/wp\/v2\/pages"}],"about":[{"href":"https:\/\/espaciohd.com\/fr\/wp-json\/wp\/v2\/types\/page"}],"author":[{"embeddable":true,"href":"https:\/\/espaciohd.com\/fr\/wp-json\/wp\/v2\/users\/3"}],"replies":[{"embeddable":true,"href":"https:\/\/espaciohd.com\/fr\/wp-json\/wp\/v2\/comments?post=52421"}],"version-history":[{"count":0,"href":"https:\/\/espaciohd.com\/fr\/wp-json\/wp\/v2\/pages\/52421\/revisions"}],"wp:attachment":[{"href":"https:\/\/espaciohd.com\/fr\/wp-json\/wp\/v2\/media?parent=52421"}],"curies":[{"name":"wp","href":"https:\/\/api.w.org\/{rel}","templated":true}]}}