{"id":5205,"date":"2017-02-02T09:57:03","date_gmt":"2017-02-02T09:57:03","guid":{"rendered":"https:\/\/espaciohd.com\/?page_id=5205\/"},"modified":"2017-02-02T09:57:03","modified_gmt":"2017-02-02T09:57:03","slug":"politica-de-privacidad","status":"publish","type":"page","link":"https:\/\/espaciohd.com\/fr\/politica-de-privacidad\/","title":{"rendered":"Pol\u00edtica de privacidad"},"content":{"rendered":"<p>Espacio Harley-Davidson BCN \u2013 Sagrefe, S.L. informa a los usuarios de este servicio Web acerca de su pol\u00edtica de protecci\u00f3n de datos de car\u00e1cter personal para que estos determinen libre y voluntariamente si desean facilitarle los Datos Personales que se les puedan requerir o que se puedan obtener con ocasi\u00f3n de la suscripci\u00f3n o alta en algunos de los servicios ofrecidos.<\/p>\n<p>De conformidad con lo dispuesto en la Ley Org\u00e1nica 15\/1999, de Protecci\u00f3n de Datos de Car\u00e1cter Personal, Espacio Harley-Davidson BCN \u2013 Sagrefe, S.L. informa que los datos personales facilitados a trav\u00e9s de los formularios de esta web, mediante mensajes de correo electr\u00f3nico o como consecuencia de cualquier transacci\u00f3n u operaci\u00f3n realizada, ser\u00e1n objeto de tratamiento y recogidos en un fichero de datos, dando el remitente su consentimiento para ser incluido en el mencionado fichero.<\/p>\n<p>La finalidad de este fichero es servir como soporte de informaci\u00f3n a la gesti\u00f3n administrativa y comercial de la empresa.<\/p>\n<p>El usuario de este servicio reconoce que la informaci\u00f3n y los datos personales suministrados son exactos y veraces. En este sentido, se compromete a comunicar de forma inmediata cualquier modificaci\u00f3n de sus datos de car\u00e1cter personal a fin de que la informaci\u00f3n contenida en el mencionado fichero est\u00e9 en todo momento actualizada y no contenga errores.<\/p>\n<p>A los efectos del art\u00edculo 21 de la Ley 34\/2002 de Servicios de la Sociedad de la Informaci\u00f3n, el usuario presta su consentimiento para el env\u00edo de COMUNICACIONES COMERCIALES por parte de Espacio Harley-Davidson BCN \u2013 Sagrefe, S.L. a la direcci\u00f3n de correo electr\u00f3nico indicada inicialmente en el registro para el acceso a los servicios prestados por Espacio Harley-Davidson BCN \u2013 Sagrefe, S.L. o a cualquier modificaci\u00f3n posterior de la misma, pudiendo oponerse en todo momento al env\u00edo de tales comunicaciones mediante solicitud a trav\u00e9s de canales espec\u00edficamente habilitados para ello. Estas COMUNICACIONES COMERCIALES, que siempre ser\u00e1n realizadas por Espacio Harley-Davidson BCN \u2013 Sagrefe, S.L., podr\u00e1n contener informaci\u00f3n sobre productos y\/o servicios comercializados directamente por esta \u00faltima o bien relativos a terceros con los que medie alg\u00fan tipo de relaci\u00f3n, acuerdo o contrato.<\/p>\n<p>Si lo desea puede dirigirse a Espacio Harley-Davidson BCN \u2013 Sagrefe, S.L., domiciliado en C\/ Joan G\u00fcell, 207, Local, 08028 &#8211; Barcelona o enviar un e-mail a info@espaciohd.com, con el fin de ejercer los derechos de acceso, rectificaci\u00f3n, cancelaci\u00f3n y oposici\u00f3n.<\/p>\n<p>Espacio Harley-Davidson BCN \u2013 Sagrefe, S.L. se reserva el derecho a modificar la presente pol\u00edtica para adaptarla a novedades legislativas o jurisprudenciales as\u00ed como a pr\u00e1cticas de la industria. En dichos supuestos, Espacio Harley-Davidson BCN \u2013 Sagrefe, S.L. anunciar\u00e1 en esta p\u00e1gina los cambios introducidos con razonable antelaci\u00f3n a su puesta en pr\u00e1ctica.<\/p>\n","protected":false},"excerpt":{"rendered":"<p>Espacio Harley-Davidson BCN \u2013 Sagrefe, S.L. informa a los usuarios de este servicio Web acerca de su pol\u00edtica de protecci\u00f3n de datos de car\u00e1cter personal para que estos determinen libre y voluntariamente si desean facilitarle los Datos Personales que se les puedan requerir o que se puedan obtener con ocasi\u00f3n de la suscripci\u00f3n o alta&#8230;<\/p>\n","protected":false},"author":3,"featured_media":0,"parent":0,"menu_order":10,"comment_status":"closed","ping_status":"closed","template":"","meta":{"_acf_changed":false,"footnotes":""},"class_list":["post-5205","page","type-page","status-publish","hentry"],"acf":[],"_links":{"self":[{"href":"https:\/\/espaciohd.com\/fr\/wp-json\/wp\/v2\/pages\/5205","targetHints":{"allow":["GET"]}}],"collection":[{"href":"https:\/\/espaciohd.com\/fr\/wp-json\/wp\/v2\/pages"}],"about":[{"href":"https:\/\/espaciohd.com\/fr\/wp-json\/wp\/v2\/types\/page"}],"author":[{"embeddable":true,"href":"https:\/\/espaciohd.com\/fr\/wp-json\/wp\/v2\/users\/3"}],"replies":[{"embeddable":true,"href":"https:\/\/espaciohd.com\/fr\/wp-json\/wp\/v2\/comments?post=5205"}],"version-history":[{"count":0,"href":"https:\/\/espaciohd.com\/fr\/wp-json\/wp\/v2\/pages\/5205\/revisions"}],"wp:attachment":[{"href":"https:\/\/espaciohd.com\/fr\/wp-json\/wp\/v2\/media?parent=5205"}],"curies":[{"name":"wp","href":"https:\/\/api.w.org\/{rel}","templated":true}]}}