{"id":5203,"date":"2017-02-02T09:57:01","date_gmt":"2017-02-02T09:57:01","guid":{"rendered":"https:\/\/espaciohd.com\/?page_id=5203\/"},"modified":"2023-03-21T09:34:31","modified_gmt":"2023-03-21T09:34:31","slug":"atelier-officiel","status":"publish","type":"page","link":"https:\/\/espaciohd.com\/fr\/atelier-officiel\/","title":{"rendered":"ATELIER OFFICIEL"},"content":{"rendered":"<p>[vc_row][vc_column width=\u00a0\u00bb1\/2&Prime;][vc_single_image image=\u00a0\u00bb5045&Prime; img_size=\u00a0\u00bbfull\u00a0\u00bb alignment=\u00a0\u00bbcenter\u00a0\u00bb][\/vc_column][vc_column width=\u00a0\u00bb1\/2&Prime;][vc_column_text]<\/p>\n<h2 style=\"font-size: 30px;\">ATELIER OFFICIEL<\/h2>\n<h3 style=\"font-size: 30px; color: #ff821b;\">HARLEY DAVIDSON<\/h3>\n<p>Prenez rendez-vous: <strong>933 394 874<\/strong> extension n\u00ba 30<\/p>\n<p>Les m\u00e9caniciens de l\u2019atelier de l\u2019ESPACE HARLEY DAVIDSON de Barcelone ont \u00e9t\u00e9 form\u00e9s \u00e0 la Harley Davidson University, avec chaque ann\u00e9e une nouvelle formation dispens\u00e9e par la Motor Company pour garantir une intervention de qualit\u00e9 sur les motos de nos clients.<\/p>\n<p>R\u00e9paration, entretien, personnalisations : telles sont les activit\u00e9s assur\u00e9es tous les jours par nos m\u00e9caniciens.<br \/>\n[\/vc_column_text][\/vc_column][\/vc_row][vc_row][vc_column][vc_empty_space height=\u00a0\u00bb80px\u00a0\u00bb][\/vc_column][\/vc_row][vc_row][vc_column width=\u00a0\u00bb1\/2&Prime;][vc_column_text]<\/p>\n<h2 style=\"font-size: 30px; color: #ff821b;\">NOUVEAU SERVICE !<\/h2>\n<h3 style=\"font-size: 30px;\">REPARATION PORTE A PORTE<\/h3>\n<p>[\/vc_column_text][\/vc_column][vc_column width=\u00a0\u00bb1\/2&Prime;][\/vc_column][\/vc_row][vc_row][vc_column][vc_empty_space height=\u00a0\u00bb20px\u00a0\u00bb][\/vc_column][\/vc_row][vc_row][vc_column width=\u00a0\u00bb1\/2&Prime;][vc_column_text el_class=\u00a0\u00bbtaller-lista-nueva\u00a0\u00bb]Nous vous pr\u00e9sentons un nouveau service de r\u00e9paration porte \u00e0 porte. Il vous suffit de nous indiquer votre adresse, et nous nous chargeons de venir chercher votre v\u00e9hicule et de vous le ramener r\u00e9par\u00e9.<\/p>\n<p>Conditions du service :<\/p>\n<ul>\n<li>L\u2019adresse de livraison doit \u00eatre la m\u00eame que celle \u00e0 laquelle le v\u00e9hicule a \u00e9t\u00e9 r\u00e9cup\u00e9r\u00e9.<\/li>\n<li>Le v\u00e9hicule doit \u00eatre assur\u00e9.<\/li>\n<li>En cas de livraison ou de retour \u00e0 une personne autre que le propri\u00e9taire, une autorisation est n\u00e9cessaire.<\/li>\n<\/ul>\n<p>[\/vc_column_text][\/vc_column][vc_column width=\u00a0\u00bb1\/2&Prime;][vc_row_inner el_class=\u00a0\u00bbtaller-tabla-titulo\u00a0\u00bb css=\u00a0\u00bb.vc_custom_1522070877595{padding-top: 5px !important;padding-bottom: 5px !important;background-color: #ff821b !important;}\u00a0\u00bb][vc_column_inner][vc_column_text]DU LUNDI AU VENDREDI, DE 10 H A 18 H. \u00a0 \u00a0&#8211;\u00a0 \u00a0PRIX PAR VOYAGE[\/vc_column_text][\/vc_column_inner][\/vc_row_inner][vc_row_inner el_class=\u00a0\u00bbtaller-tabla-elemento\u00a0\u00bb css=\u00a0\u00bb.vc_custom_1522070725946{border-bottom-width: 1px !important;padding-top: 10px !important;padding-bottom: 10px !important;border-bottom-color: #ffffff !important;border-bottom-style: solid !important;}\u00a0\u00bb][vc_column_inner width=\u00a0\u00bb5\/6&Prime;][vc_column_text]\u00c0 Barcelone et \u00e0 20 km \u00e0 la ronde[\/vc_column_text][\/vc_column_inner][vc_column_inner width=\u00a0\u00bb1\/6&Prime;][vc_column_text el_class=\u00a0\u00bbprice\u00a0\u00bb]55\u20ac[\/vc_column_text][\/vc_column_inner][\/vc_row_inner][vc_row_inner el_class=\u00a0\u00bbtaller-tabla-elemento\u00a0\u00bb css=\u00a0\u00bb.vc_custom_1522070725946{border-bottom-width: 1px !important;padding-top: 10px !important;padding-bottom: 10px !important;border-bottom-color: #ffffff !important;border-bottom-style: solid !important;}\u00a0\u00bb][vc_column_inner width=\u00a0\u00bb5\/6&Prime;][vc_column_text]Entre 20 et 40 km de Barcelone[\/vc_column_text][\/vc_column_inner][vc_column_inner width=\u00a0\u00bb1\/6&Prime;][vc_column_text el_class=\u00a0\u00bbprice\u00a0\u00bb]75\u20ac[\/vc_column_text][\/vc_column_inner][\/vc_row_inner][vc_row_inner el_class=\u00a0\u00bbtaller-tabla-elemento\u00a0\u00bb css=\u00a0\u00bb.vc_custom_1679391269072{border-bottom-width: 1px !important;padding-top: 10px !important;padding-bottom: 10px !important;border-bottom-color: #ffffff !important;border-bottom-style: solid !important;}\u00a0\u00bb][vc_column_inner width=\u00a0\u00bb5\/6&Prime;][vc_column_text]\u00c0 plus de 40 km de Barcelone[\/vc_column_text][\/vc_column_inner][vc_column_inner width=\u00a0\u00bb1\/6&Prime;][vc_column_text el_class=\u00a0\u00bbprice\u00a0\u00bb]Consulter[\/vc_column_text][\/vc_column_inner][\/vc_row_inner][vc_row_inner el_class=\u00a0\u00bbtaller-tabla-elemento\u00a0\u00bb css=\u00a0\u00bb.vc_custom_1679391251025{padding-top: 10px !important;padding-bottom: 10px !important;}\u00a0\u00bb][vc_column_inner width=\u00a0\u00bb5\/6&Prime;][vc_column_text]Stationnement souterrain[\/vc_column_text][\/vc_column_inner][vc_column_inner width=\u00a0\u00bb1\/6&Prime;][vc_column_text el_class=\u00a0\u00bbprice\u00a0\u00bb]Consulter[\/vc_column_text][\/vc_column_inner][\/vc_row_inner][vc_row_inner el_class=\u00a0\u00bbtaller-tabla-titulo\u00a0\u00bb css=\u00a0\u00bb.vc_custom_1522070877595{padding-top: 5px !important;padding-bottom: 5px !important;background-color: #ff821b !important;}\u00a0\u00bb][vc_column_inner][vc_column_text]SERVICE DE RECUPERATION DU VEHICULE LE WEEK-END\u00a0 \u00a0&#8211;\u00a0 \u00a0PRIX PAR VOYAGE[\/vc_column_text][\/vc_column_inner][\/vc_row_inner][vc_row_inner el_class=\u00a0\u00bbtaller-tabla-elemento\u00a0\u00bb css=\u00a0\u00bb.vc_custom_1522070725946{border-bottom-width: 1px !important;padding-top: 10px !important;padding-bottom: 10px !important;border-bottom-color: #ffffff !important;border-bottom-style: solid !important;}\u00a0\u00bb][vc_column_inner width=\u00a0\u00bb5\/6&Prime;][vc_column_text]\u00c0 Barcelone et \u00e0 20 km \u00e0 la ronde[\/vc_column_text][\/vc_column_inner][vc_column_inner width=\u00a0\u00bb1\/6&Prime;][vc_column_text el_class=\u00a0\u00bbprice\u00a0\u00bb]65\u20ac[\/vc_column_text][\/vc_column_inner][\/vc_row_inner][vc_row_inner el_class=\u00a0\u00bbtaller-tabla-elemento\u00a0\u00bb css=\u00a0\u00bb.vc_custom_1522070725946{border-bottom-width: 1px !important;padding-top: 10px !important;padding-bottom: 10px !important;border-bottom-color: #ffffff !important;border-bottom-style: solid !important;}\u00a0\u00bb][vc_column_inner width=\u00a0\u00bb5\/6&Prime;][vc_column_text]Entre 20 et 40 km de Barcelone[\/vc_column_text][\/vc_column_inner][vc_column_inner width=\u00a0\u00bb1\/6&Prime;][vc_column_text el_class=\u00a0\u00bbprice\u00a0\u00bb]85\u20ac[\/vc_column_text][\/vc_column_inner][\/vc_row_inner][vc_row_inner el_class=\u00a0\u00bbtaller-tabla-elemento\u00a0\u00bb css=\u00a0\u00bb.vc_custom_1522070725946{border-bottom-width: 1px !important;padding-top: 10px !important;padding-bottom: 10px !important;border-bottom-color: #ffffff !important;border-bottom-style: solid !important;}\u00a0\u00bb][vc_column_inner width=\u00a0\u00bb5\/6&Prime;][vc_column_text]\u00c0 plus de 40 km de Barcelone[\/vc_column_text][\/vc_column_inner][vc_column_inner width=\u00a0\u00bb1\/6&Prime;][vc_column_text el_class=\u00a0\u00bbprice\u00a0\u00bb]Consulter[\/vc_column_text][\/vc_column_inner][\/vc_row_inner][vc_row_inner el_class=\u00a0\u00bbtaller-tabla-elemento\u00a0\u00bb css=\u00a0\u00bb.vc_custom_1522070725946{border-bottom-width: 1px !important;padding-top: 10px !important;padding-bottom: 10px !important;border-bottom-color: #ffffff !important;border-bottom-style: solid !important;}\u00a0\u00bb][vc_column_inner width=\u00a0\u00bb5\/6&Prime;][vc_column_text]<\/p>\n<div id=\"KnM9nf\">\n<div id=\"tw-smenu\" class=\"tw-menu\"><span style=\"font-family: Consolas, Monaco, monospace;\">Nuit\u00e9e<\/span><\/div>\n<\/div>\n<p>[\/vc_column_text][\/vc_column_inner][vc_column_inner width=\u00a0\u00bb1\/6&Prime;][vc_column_text el_class=\u00a0\u00bbprice\u00a0\u00bb]55\u20ac[\/vc_column_text][\/vc_column_inner][\/vc_row_inner][\/vc_column][\/vc_row][vc_row][vc_column][vc_empty_space height=\u00a0\u00bb80px\u00a0\u00bb][\/vc_column][\/vc_row]<\/p>\n","protected":false},"excerpt":{"rendered":"<p>[vc_row][vc_column width=\u00a0\u00bb1\/2&Prime;][vc_single_image image=\u00a0\u00bb5045&Prime; img_size=\u00a0\u00bbfull\u00a0\u00bb alignment=\u00a0\u00bbcenter\u00a0\u00bb][\/vc_column][vc_column width=\u00a0\u00bb1\/2&Prime;][vc_column_text] ATELIER OFFICIEL HARLEY DAVIDSON Prenez rendez-vous: 933 394 874 extension n\u00ba 30 Les m\u00e9caniciens de l\u2019atelier de l\u2019ESPACE HARLEY DAVIDSON de Barcelone ont \u00e9t\u00e9 form\u00e9s \u00e0 la Harley Davidson University, avec chaque ann\u00e9e une nouvelle formation dispens\u00e9e par la Motor Company pour garantir une intervention de qualit\u00e9 sur les&#8230;<\/p>\n","protected":false},"author":3,"featured_media":0,"parent":0,"menu_order":0,"comment_status":"closed","ping_status":"closed","template":"","meta":{"_acf_changed":false,"footnotes":""},"class_list":["post-5203","page","type-page","status-publish","hentry"],"acf":[],"_links":{"self":[{"href":"https:\/\/espaciohd.com\/fr\/wp-json\/wp\/v2\/pages\/5203","targetHints":{"allow":["GET"]}}],"collection":[{"href":"https:\/\/espaciohd.com\/fr\/wp-json\/wp\/v2\/pages"}],"about":[{"href":"https:\/\/espaciohd.com\/fr\/wp-json\/wp\/v2\/types\/page"}],"author":[{"embeddable":true,"href":"https:\/\/espaciohd.com\/fr\/wp-json\/wp\/v2\/users\/3"}],"replies":[{"embeddable":true,"href":"https:\/\/espaciohd.com\/fr\/wp-json\/wp\/v2\/comments?post=5203"}],"version-history":[{"count":0,"href":"https:\/\/espaciohd.com\/fr\/wp-json\/wp\/v2\/pages\/5203\/revisions"}],"wp:attachment":[{"href":"https:\/\/espaciohd.com\/fr\/wp-json\/wp\/v2\/media?parent=5203"}],"curies":[{"name":"wp","href":"https:\/\/api.w.org\/{rel}","templated":true}]}}