{"id":5202,"date":"2017-02-02T09:57:00","date_gmt":"2017-02-02T09:57:00","guid":{"rendered":"https:\/\/espaciohd.com\/?page_id=5202\/"},"modified":"2017-02-22T17:56:15","modified_gmt":"2017-02-22T17:56:15","slug":"rechanges","status":"publish","type":"page","link":"https:\/\/espaciohd.com\/fr\/rechanges\/","title":{"rendered":"PI\u00c8CES DE RECHANGE"},"content":{"rendered":"<p>[vc_row el_class=\u00a0\u00bbrecambios-fila-1&Prime;][vc_column width=\u00a0\u00bb1\/2&Prime;][vc_column_text]<\/p>\n<h2 style=\"font-size: 30px;\">PI\u00c8CES DE RECHANGE<\/h2>\n<h3 style=\"font-size: 30px; color: #ff821b;\">HARLEY DAVIDSON<\/h3>\n<p><strong>Pourquoi une Harley-Davidson est-elle si sp\u00e9ciale? Pourquoi sont-elles si diff\u00e9rentes des autres motos?<\/strong><\/p>\n<p>Pour r\u00e9pondre \u00e0 ces questions, le plus simple est de conduire l\u2019une d\u2019entre elles. D\u00e9couvrir les sensations qui vous envahissent en roulant en Harley-Davidson est facile, les d\u00e9crire est beaucoup plus compliqu\u00e9. Mais il existe une autre raison qui fait que chaque Harley a quelque chose de sp\u00e9cial.[\/vc_column_text][\/vc_column][vc_column width=\u00a0\u00bb1\/2&Prime;][vc_single_image image=\u00a0\u00bb4306&Prime; img_size=\u00a0\u00bbfull\u00a0\u00bb alignment=\u00a0\u00bbcenter\u00a0\u00bb][\/vc_column][\/vc_row][vc_row el_id=\u00a0\u00bbrecambios-blankspace\u00a0\u00bb][vc_column][vc_empty_space height=\u00a0\u00bb80px\u00a0\u00bb][\/vc_column][\/vc_row][vc_row][vc_column width=\u00a0\u00bb1\/2&Prime;][vc_column_text]Il est difficile d\u2019en trouver deux identiques, les pi\u00e8ces et accessoires disponibles pour personnaliser votre moto vous permettent de cr\u00e9er la machine parfaite \u00e0 vos yeux, tant sur le plan esth\u00e9tique que pratique.<\/p>\n<p>Chez ESPACIO HARLEY-DAVIDSON BCN, nous disposons d\u2019un grand nombre de pi\u00e8ces et accessoires Harley-Davidson, Screamin\u00b4Eagle et After Market. Ajoutez vos connaissances et votre propre style \u00e0 l\u2019exp\u00e9rience de notre \u00e9quipe de professionnels pour cr\u00e9er votre moto unique.[\/vc_column_text][\/vc_column][vc_column width=\u00a0\u00bb1\/2&Prime;][vc_single_image image=\u00a0\u00bb4307&Prime; img_size=\u00a0\u00bbfull\u00a0\u00bb alignment=\u00a0\u00bbcenter\u00a0\u00bb][\/vc_column][\/vc_row][vc_row][vc_column][vc_empty_space height=\u00a0\u00bb80px\u00a0\u00bb][\/vc_column][\/vc_row]<\/p>\n","protected":false},"excerpt":{"rendered":"<p>[vc_row el_class=\u00a0\u00bbrecambios-fila-1&Prime;][vc_column width=\u00a0\u00bb1\/2&Prime;][vc_column_text] PI\u00c8CES DE RECHANGE HARLEY DAVIDSON Pourquoi une Harley-Davidson est-elle si sp\u00e9ciale? Pourquoi sont-elles si diff\u00e9rentes des autres motos? Pour r\u00e9pondre \u00e0 ces questions, le plus simple est de conduire l\u2019une d\u2019entre elles. D\u00e9couvrir les sensations qui vous envahissent en roulant en Harley-Davidson est facile, les d\u00e9crire est beaucoup plus compliqu\u00e9. Mais il&#8230;<\/p>\n","protected":false},"author":3,"featured_media":0,"parent":0,"menu_order":0,"comment_status":"closed","ping_status":"closed","template":"","meta":{"_acf_changed":false,"footnotes":""},"class_list":["post-5202","page","type-page","status-publish","hentry"],"acf":[],"_links":{"self":[{"href":"https:\/\/espaciohd.com\/fr\/wp-json\/wp\/v2\/pages\/5202","targetHints":{"allow":["GET"]}}],"collection":[{"href":"https:\/\/espaciohd.com\/fr\/wp-json\/wp\/v2\/pages"}],"about":[{"href":"https:\/\/espaciohd.com\/fr\/wp-json\/wp\/v2\/types\/page"}],"author":[{"embeddable":true,"href":"https:\/\/espaciohd.com\/fr\/wp-json\/wp\/v2\/users\/3"}],"replies":[{"embeddable":true,"href":"https:\/\/espaciohd.com\/fr\/wp-json\/wp\/v2\/comments?post=5202"}],"version-history":[{"count":0,"href":"https:\/\/espaciohd.com\/fr\/wp-json\/wp\/v2\/pages\/5202\/revisions"}],"wp:attachment":[{"href":"https:\/\/espaciohd.com\/fr\/wp-json\/wp\/v2\/media?parent=5202"}],"curies":[{"name":"wp","href":"https:\/\/api.w.org\/{rel}","templated":true}]}}