{"id":5198,"date":"2017-02-02T09:56:49","date_gmt":"2017-02-02T09:56:49","guid":{"rendered":"https:\/\/espaciohd.com\/?page_id=5198\/"},"modified":"2021-01-27T15:26:00","modified_gmt":"2021-01-27T15:26:00","slug":"financement-et-assurances","status":"publish","type":"page","link":"https:\/\/espaciohd.com\/fr\/financement-et-assurances\/","title":{"rendered":"FINANCEMENT ET ASSURANCES"},"content":{"rendered":"<p>[vc_row][vc_column width=\u00a0\u00bb1\/2&Prime;][vc_single_image image=\u00a0\u00bb4321&Prime; img_size=\u00a0\u00bbfull\u00a0\u00bb alignment=\u00a0\u00bbcenter\u00a0\u00bb][\/vc_column][vc_column width=\u00a0\u00bb1\/2&Prime;][vc_column_text]<\/p>\n<h3>FINANCEMENT ET ASSURANCES<\/h3>\n<p>Financement sur mesure pour votre Harley-Davidson neuve ou d\u2019occasion.<\/p>\n<h4 style=\"color: #ff821b\">CR\u00c9DIT LIN\u00c9AIRE<\/h4>\n<p>Des mensualit\u00e9s \u00e0 montant fixe, jusqu\u2019\u00e0 84 mois, avec ou sans apport initial.<\/p>\n<h4 style=\"color: #ff821b\">HARLEY OWN<\/h4>\n<p>Premi\u00e8re tranche de financement \u00e0 deux, trois ou quatre ans avec un apport initial minimum de 10 % et une valeur future garantie vous permettant de d\u00e9cider si vous gardez la moto ou si vous la substituez par une neuve, en maintenant les mensualit\u00e9s identiques.<\/p>\n<h4 style=\"color: #ff821b\">EXTENSION DE GARANTIE<\/h4>\n<p>Le compl\u00e9ment id\u00e9al pour la protection de votre moto neuve ou d\u2019occasion. Harley-Davidson Warranty Services vous propose une extension de garantie similaire \u00e0 celle d\u2019usine. Vous pouvez la souscrire pendant la dur\u00e9e de la garantie officielle pour un, deux ou trois ans. Pour les motos d\u2019occasion, vous pouvez la souscrire pour toute moto de moins de dix ans et 80 000 km.<\/p>\n<h4 style=\"color: #ff821b\">ASSURANCES HARLEY<\/h4>\n<p>Le meilleur prix et la meilleure couverture pour votre moto. Assurances aux tiers, aux tiers avec vol et incendie et tous risques, avec une franchise minimale et quelle que soit la date depuis laquelle vous avez le permis moto. Consultez-nous!<\/p>\n<p>[\/vc_column_text][\/vc_column][\/vc_row][vc_row][vc_column][vc_empty_space height=\u00a0\u00bb80px\u00a0\u00bb][\/vc_column][\/vc_row]<\/p>\n","protected":false},"excerpt":{"rendered":"<p>[vc_row][vc_column width=\u00a0\u00bb1\/2&Prime;][vc_single_image image=\u00a0\u00bb4321&Prime; img_size=\u00a0\u00bbfull\u00a0\u00bb alignment=\u00a0\u00bbcenter\u00a0\u00bb][\/vc_column][vc_column width=\u00a0\u00bb1\/2&Prime;][vc_column_text] FINANCEMENT ET ASSURANCES Financement sur mesure pour votre Harley-Davidson neuve ou d\u2019occasion. CR\u00c9DIT LIN\u00c9AIRE Des mensualit\u00e9s \u00e0 montant fixe, jusqu\u2019\u00e0 84 mois, avec ou sans apport initial. HARLEY OWN Premi\u00e8re tranche de financement \u00e0 deux, trois ou quatre ans avec un apport initial minimum de 10 % et une&#8230;<\/p>\n","protected":false},"author":3,"featured_media":0,"parent":0,"menu_order":0,"comment_status":"closed","ping_status":"closed","template":"","meta":{"_acf_changed":false,"footnotes":""},"class_list":["post-5198","page","type-page","status-publish","hentry"],"acf":[],"_links":{"self":[{"href":"https:\/\/espaciohd.com\/fr\/wp-json\/wp\/v2\/pages\/5198","targetHints":{"allow":["GET"]}}],"collection":[{"href":"https:\/\/espaciohd.com\/fr\/wp-json\/wp\/v2\/pages"}],"about":[{"href":"https:\/\/espaciohd.com\/fr\/wp-json\/wp\/v2\/types\/page"}],"author":[{"embeddable":true,"href":"https:\/\/espaciohd.com\/fr\/wp-json\/wp\/v2\/users\/3"}],"replies":[{"embeddable":true,"href":"https:\/\/espaciohd.com\/fr\/wp-json\/wp\/v2\/comments?post=5198"}],"version-history":[{"count":0,"href":"https:\/\/espaciohd.com\/fr\/wp-json\/wp\/v2\/pages\/5198\/revisions"}],"wp:attachment":[{"href":"https:\/\/espaciohd.com\/fr\/wp-json\/wp\/v2\/media?parent=5198"}],"curies":[{"name":"wp","href":"https:\/\/api.w.org\/{rel}","templated":true}]}}