{"id":5197,"date":"2016-12-07T15:30:23","date_gmt":"2016-12-07T15:30:23","guid":{"rendered":"https:\/\/espaciohd.com\/?page_id=5197\/"},"modified":"2020-05-25T08:55:43","modified_gmt":"2020-05-25T08:55:43","slug":"personnalization","status":"publish","type":"page","link":"https:\/\/espaciohd.com\/fr\/personnalization\/","title":{"rendered":"PERSONNALISATION"},"content":{"rendered":"<p>[vc_row full_width=\u00a0\u00bbstretch_row\u00a0\u00bb parallax=\u00a0\u00bbcontent-moving\u00a0\u00bb css=\u00a0\u00bb.vc_custom_1482856991812{margin-bottom: 0px !important;padding-top: 180px !important;padding-bottom: 180px !important;background: #ffffff url(https:\/\/espaciohd.com\/wp-content\/uploads\/2016\/11\/alquilahd.jpg?id=4635);background-position: center;background-repeat: no-repeat !important;background-size: contain !important;}\u00a0\u00bb][vc_column][\/vc_column][\/vc_row][vc_row css=\u00a0\u00bb.vc_custom_1482857002236{margin-top: -177px !important;background-color: #ffffff !important;}\u00a0\u00bb][vc_column css=\u00a0\u00bb.vc_custom_1482857013499{background-color: #ffffff !important;}\u00a0\u00bb][vc_column_text el_class=\u00a0\u00bbcustomizacion-titulo\u00a0\u00bb css=\u00a0\u00bb.vc_custom_1590396952545{padding-top: 50px !important;padding-bottom: 50px !important;}\u00a0\u00bb]<\/p>\n<h2 style=\"text-align: center; text-transform: uppercase;\">Nous personnalisons votre moto, notre d\u00e9partement sp\u00e9cialis\u00e9 travaillera sur le style et l&rsquo;ergonomie pour cr\u00e9er une moto pour vous.<\/h2>\n<p>[\/vc_column_text][vc_basic_grid post_type=\u00a0\u00bblistings\u00a0\u00bb max_items=\u00a0\u00bb990&Prime; item=\u00a0\u00bb4739&Prime; grid_id=\u00a0\u00bbvc_gid:1590396943497-a06f53be-1a1f-7&Prime; taxonomies=\u00a0\u00bb188&Prime; css=\u00a0\u00bb.vc_custom_1484664186431{padding-right: 30px !important;padding-left: 30px !important;}\u00a0\u00bb][\/vc_column][\/vc_row]<\/p>\n","protected":false},"excerpt":{"rendered":"<p>[vc_row full_width=\u00a0\u00bbstretch_row\u00a0\u00bb parallax=\u00a0\u00bbcontent-moving\u00a0\u00bb css=\u00a0\u00bb.vc_custom_1482856991812{margin-bottom: 0px !important;padding-top: 180px !important;padding-bottom: 180px !important;background: #ffffff url(https:\/\/espaciohd.com\/wp-content\/uploads\/2016\/11\/alquilahd.jpg?id=4635);background-position: center;background-repeat: no-repeat !important;background-size: contain !important;}\u00a0\u00bb][vc_column][\/vc_column][\/vc_row][vc_row css=\u00a0\u00bb.vc_custom_1482857002236{margin-top: -177px !important;background-color: #ffffff !important;}\u00a0\u00bb][vc_column css=\u00a0\u00bb.vc_custom_1482857013499{background-color: #ffffff !important;}\u00a0\u00bb][vc_column_text el_class=\u00a0\u00bbcustomizacion-titulo\u00a0\u00bb css=\u00a0\u00bb.vc_custom_1590396952545{padding-top: 50px !important;padding-bottom: 50px !important;}\u00a0\u00bb] Nous personnalisons votre moto, notre d\u00e9partement sp\u00e9cialis\u00e9 travaillera sur le style et l&rsquo;ergonomie pour cr\u00e9er une moto pour vous. [\/vc_column_text][vc_basic_grid post_type=\u00a0\u00bblistings\u00a0\u00bb max_items=\u00a0\u00bb990&Prime; item=\u00a0\u00bb4739&Prime; grid_id=\u00a0\u00bbvc_gid:1590396943497-a06f53be-1a1f-7&Prime;&#8230;<\/p>\n","protected":false},"author":3,"featured_media":0,"parent":0,"menu_order":0,"comment_status":"closed","ping_status":"closed","template":"","meta":{"_acf_changed":false,"footnotes":""},"class_list":["post-5197","page","type-page","status-publish","hentry"],"acf":[],"_links":{"self":[{"href":"https:\/\/espaciohd.com\/fr\/wp-json\/wp\/v2\/pages\/5197","targetHints":{"allow":["GET"]}}],"collection":[{"href":"https:\/\/espaciohd.com\/fr\/wp-json\/wp\/v2\/pages"}],"about":[{"href":"https:\/\/espaciohd.com\/fr\/wp-json\/wp\/v2\/types\/page"}],"author":[{"embeddable":true,"href":"https:\/\/espaciohd.com\/fr\/wp-json\/wp\/v2\/users\/3"}],"replies":[{"embeddable":true,"href":"https:\/\/espaciohd.com\/fr\/wp-json\/wp\/v2\/comments?post=5197"}],"version-history":[{"count":0,"href":"https:\/\/espaciohd.com\/fr\/wp-json\/wp\/v2\/pages\/5197\/revisions"}],"wp:attachment":[{"href":"https:\/\/espaciohd.com\/fr\/wp-json\/wp\/v2\/media?parent=5197"}],"curies":[{"name":"wp","href":"https:\/\/api.w.org\/{rel}","templated":true}]}}