{"id":5196,"date":"2017-02-02T09:56:46","date_gmt":"2017-02-02T09:56:46","guid":{"rendered":"https:\/\/espaciohd.com\/?page_id=5196\/"},"modified":"2022-07-19T07:55:03","modified_gmt":"2022-07-19T07:55:03","slug":"contacter","status":"publish","type":"page","link":"https:\/\/espaciohd.com\/fr\/contacter\/","title":{"rendered":"Contacter"},"content":{"rendered":"<p>[vc_row full_width=\u00a0\u00bbstretch_row\u00a0\u00bb parallax=\u00a0\u00bbcontent-moving\u00a0\u00bb parallax_image=\u00a0\u00bb475&Prime; css=\u00a0\u00bb.vc_custom_1482402613095{margin-bottom: 0px !important;padding-top: 180px !important;padding-bottom: 180px !important;background: #0a0a0a url(https:\/\/espaciohd.com\/wp-content\/uploads\/2015\/11\/fondo-contacto.jpg?id=4687);background-position: center;background-repeat: no-repeat !important;background-size: cover !important;}\u00a0\u00bb][vc_column][\/vc_column][\/vc_row][vc_row css=\u00a0\u00bb.vc_custom_1482402053049{margin-top: -177px !important;margin-bottom: 64px !important;}\u00a0\u00bb el_class=\u00a0\u00bbhd-formulario-contacto\u00a0\u00bb][vc_column][stm_contact_form form=\u00a0\u00bb7205&Prime; title=\u00a0\u00bbCONTACTER\u00a0\u00bb css=\u00a0\u00bb.vc_custom_1487786895989{padding-top: 30px !important;padding-right: 30px !important;padding-bottom: 30px !important;padding-left: 30px !important;background-color: #2f3c40 !important;}\u00a0\u00bb][\/vc_column][\/vc_row][vc_row css=\u00a0\u00bb.vc_custom_1452251533394{margin-bottom: 40px !important;}\u00a0\u00bb][vc_column css=\u00a0\u00bb.vc_custom_1484845116068{padding-top: 25px !important;padding-right: 30px !important;padding-bottom: 25px !important;padding-left: 30px !important;background-color: #2f3c40 !important;}\u00a0\u00bb offset=\u00a0\u00bbvc_col-lg-4 vc_col-md-12&Prime; el_class=\u00a0\u00bbcontacto-datos\u00a0\u00bb][stm_icon_box title_holder=\u00a0\u00bbh4&Prime; icon=\u00a0\u00bbstm-icon-pin\u00a0\u00bb box_bg_color=\u00a0\u00bbrgba(255,255,255,0.01)\u00a0\u00bb box_text_color=\u00a0\u00bb#ffffff\u00a0\u00bb icon_color=\u00a0\u00bb#ff821b\u00a0\u00bb icon_size=\u00a0\u00bb31&Prime; title=\u00a0\u00bbAdresse:\u00a0\u00bb css=\u00a0\u00bb.vc_custom_1487581947251{margin-right: 30px !important;margin-bottom: 28px !important;margin-left: 30px !important;padding-top: 0px !important;padding-right: 0px !important;padding-bottom: 0px !important;padding-left: 0px !important;}\u00a0\u00bb line_height=\u00a0\u00bb18&Prime; css_icon=\u00a0\u00bb.vc_custom_1487581947250{margin-top: 2px !important;}\u00a0\u00bb box_text_color_hover=\u00a0\u00bb#ffffff\u00a0\u00bb]C\/ Joan G\u00fcell 207 | Barcelone[\/stm_icon_box][stm_icon_box title_holder=\u00a0\u00bbh4&Prime; icon=\u00a0\u00bbstm-service-icon-sales_phone\u00a0\u00bb box_bg_color=\u00a0\u00bbrgba(255,255,255,0.01)\u00a0\u00bb box_text_color=\u00a0\u00bb#ffffff\u00a0\u00bb icon_color=\u00a0\u00bb#ff821b\u00a0\u00bb icon_size=\u00a0\u00bb31&Prime; title=\u00a0\u00bbT\u00e9l\u00e9phone:\u00a0\u00bb css=\u00a0\u00bb.vc_custom_1533124940983{margin-right: 30px !important;margin-bottom: 28px !important;margin-left: 30px !important;padding-top: 0px !important;padding-right: 0px !important;padding-bottom: 0px !important;padding-left: 0px !important;}\u00a0\u00bb line_height=\u00a0\u00bb18&Prime; css_icon=\u00a0\u00bb.vc_custom_1533124940979{margin-top: 2px !important;}\u00a0\u00bb box_text_color_hover=\u00a0\u00bb#ffffff\u00a0\u00bb]+34 933 394 874[\/stm_icon_box][stm_icon_box title_holder=\u00a0\u00bbh4&Prime; icon=\u00a0\u00bbstm-service-icon-sales_hours\u00a0\u00bb box_bg_color=\u00a0\u00bbrgba(255,255,255,0.01)\u00a0\u00bb box_text_color=\u00a0\u00bb#ffffff\u00a0\u00bb icon_color=\u00a0\u00bb#ff821b\u00a0\u00bb icon_size=\u00a0\u00bb31&Prime; title=\u00a0\u00bbHoraires de la boutique:\u00a0\u00bb css=\u00a0\u00bb.vc_custom_1609757302377{margin-right: 30px !important;margin-bottom: 28px !important;margin-left: 30px !important;padding-top: 0px !important;padding-right: 0px !important;padding-bottom: 0px !important;padding-left: 0px !important;}\u00a0\u00bb line_height=\u00a0\u00bb18&Prime; css_icon=\u00a0\u00bb.vc_custom_1609757302376{margin-top: 2px !important;}\u00a0\u00bb box_text_color_hover=\u00a0\u00bb#ffffff\u00a0\u00bb]Du lundi au vendredi: de 10h00 \u00e0 14h00 et de 16h00 \u00e0 20h00.<\/p>\n<p>Samedi: de 10h00 \u00e0 14h00.<\/p>\n<p>Samedi 02\/01\/21: ferm\u00e9e<\/p>\n<p><span style=\"text-decoration: underline;\">Horaire d&rsquo;\u00e9t\u00e9 (ao\u00fbt):<\/span><br \/>\nDu lundi au vendredi: de 10h00 \u00e0 14h00 et de 16h00 \u00e0 20h00.<\/p>\n<p>Samedi: ferm\u00e9e.[\/stm_icon_box][stm_icon_box title_holder=\u00a0\u00bbh4&Prime; icon=\u00a0\u00bbstm-service-icon-sales_hours\u00a0\u00bb box_bg_color=\u00a0\u00bbrgba(255,255,255,0.01)\u00a0\u00bb box_text_color=\u00a0\u00bb#ffffff\u00a0\u00bb icon_color=\u00a0\u00bb#ff821b\u00a0\u00bb icon_size=\u00a0\u00bb31&Prime; title=\u00a0\u00bbHoraires de l\u2019atelier:\u00a0\u00bb css=\u00a0\u00bb.vc_custom_1608029012916{margin-right: 30px !important;margin-bottom: 0px !important;margin-left: 30px !important;padding-top: 0px !important;padding-right: 0px !important;padding-bottom: 0px !important;padding-left: 0px !important;}\u00a0\u00bb line_height=\u00a0\u00bb18&Prime; css_icon=\u00a0\u00bb.vc_custom_1608029012916{margin-top: 2px !important;}\u00a0\u00bb box_text_color_hover=\u00a0\u00bb#ffffff\u00a0\u00bb]Du lundi au vendredi: de 9h \u00e0 14h et de 16h \u00e0 19h.<\/p>\n<p>Ferm\u00e9e le samedi.<\/p>\n<div id=\"tour\"><\/div>\n<p>[\/stm_icon_box][\/vc_column][vc_column css=\u00a0\u00bb.vc_custom_1448867270861{margin-bottom: 25px !important;}\u00a0\u00bb offset=\u00a0\u00bbvc_col-lg-8 vc_col-md-12&Prime;][vc_raw_html]JTNDaWZyYW1lJTIwc3JjJTNEJTIyaHR0cHMlM0ElMkYlMkZ3d3cuZ29vZ2xlLmNvbSUyRm1hcHMlMkZlbWJlZCUzRnBiJTNEJTIxMW0xOCUyMTFtMTIlMjExbTMlMjExZDI5OTMuNDQ1Mjk4NDc2MDIxJTIxMmQyLjEyNzA2OTExNTg1NTE5ODQlMjEzZDQxLjM4NjEzNDkwNDAzNDkzJTIxMm0zJTIxMWYwJTIxMmYwJTIxM2YwJTIxM20yJTIxMWkxMDI0JTIxMmk3NjglMjE0ZjEzLjElMjEzbTMlMjExbTIlMjExczB4MTJhNDk4NjE0YzUzYzU0YiUyNTNBMHhhNmVhMWVlZWRiMjk4YzhjJTIxMnNFc3BhY2lvJTI1MjBIYXJsZXklMjUyMERhdmlkc29uJTI1MjBCQ04lMjE1ZTAlMjEzbTIlMjExc2VzJTIxMnNlcyUyMTR2MTYyMzczOTA0NTY4NyUyMTVtMiUyMTFzZXMlMjEyc2VzJTIyJTIwJTIwJTIwc3R5bGUlM0QlMjJib3JkZXIlM0EwJTNCJTIwd2lkdGglM0ElMjAxMDAlMjUlM0IlMjBoZWlnaHQlM0ElMjA0NzlweCUzQiUyMCUyMiUyMGFsbG93ZnVsbHNjcmVlbiUzRCUyMiUyMiUyMGxvYWRpbmclM0QlMjJsYXp5JTIyJTNFJTNDJTJGaWZyYW1lJTNF[\/vc_raw_html][\/vc_column][\/vc_row][vc_row css=\u00a0\u00bb.vc_custom_1479377244781{margin-top: 0px !important;margin-bottom: 0px !important;}\u00a0\u00bb][vc_column][vc_column_text]<\/p>\n<div class=\"stm-contact-us-form-wrapper\" style=\"padding: 0 30px;\">\n<h2 style=\"font-size: 30px;\">VISITE VIRTUELLE<\/h2>\n<\/div>\n<p>[\/vc_column_text][vc_raw_html]JTNDaWZyYW1lJTIwc3JjJTNEJTIyaHR0cHMlM0ElMkYlMkZlc3BhY2lvaGQuY29tJTJGdG91cl92aXJ0dWFsJTJGJTIyJTIwd2lkdGglM0QlMjIxMDAlMjUlMjIlMjBoZWlnaHQlM0QlMjI2NTAlMjIlMjBmcmFtZWJvcmRlciUzRCUyMjAlMjIlMjBzdHlsZSUzRCUyMmJvcmRlciUzQTAlMjIlMjBhbGxvd2Z1bGxzY3JlZW4lM0UlM0MlMkZpZnJhbWUlM0U=[\/vc_raw_html][\/vc_column][\/vc_row][vc_row full_width=\u00a0\u00bbstretch_row\u00a0\u00bb css=\u00a0\u00bb.vc_custom_1482404899872{margin-top: 75px !important;margin-bottom: 75px !important;padding-top: 50px !important;background-color: #232628 !important;}\u00a0\u00bb el_class=\u00a0\u00bbhd-contacto-carrusel\u00a0\u00bb][vc_column][vc_column_text]<\/p>\n<h2 style=\"font-size: 30px; text-align: center;\">ESPACE H-D<\/h2>\n<p>[\/vc_column_text][stm_carousel image_size=\u00a0\u00bbfull\u00a0\u00bb images=\u00a0\u00bb4388,4396,4395,4394,4393,4392,4391,4390,4389&Prime;][\/vc_column][\/vc_row]<\/p>\n","protected":false},"excerpt":{"rendered":"<p>[vc_row full_width=\u00a0\u00bbstretch_row\u00a0\u00bb parallax=\u00a0\u00bbcontent-moving\u00a0\u00bb parallax_image=\u00a0\u00bb475&Prime; css=\u00a0\u00bb.vc_custom_1482402613095{margin-bottom: 0px !important;padding-top: 180px !important;padding-bottom: 180px !important;background: #0a0a0a url(https:\/\/espaciohd.com\/wp-content\/uploads\/2015\/11\/fondo-contacto.jpg?id=4687);background-position: center;background-repeat: no-repeat !important;background-size: cover !important;}\u00a0\u00bb][vc_column][\/vc_column][\/vc_row][vc_row css=\u00a0\u00bb.vc_custom_1482402053049{margin-top: -177px !important;margin-bottom: 64px !important;}\u00a0\u00bb el_class=\u00a0\u00bbhd-formulario-contacto\u00a0\u00bb][vc_column][stm_contact_form form=\u00a0\u00bb7205&Prime; title=\u00a0\u00bbCONTACTER\u00a0\u00bb css=\u00a0\u00bb.vc_custom_1487786895989{padding-top: 30px !important;padding-right: 30px !important;padding-bottom: 30px !important;padding-left: 30px !important;background-color: #2f3c40 !important;}\u00a0\u00bb][\/vc_column][\/vc_row][vc_row css=\u00a0\u00bb.vc_custom_1452251533394{margin-bottom: 40px !important;}\u00a0\u00bb][vc_column css=\u00a0\u00bb.vc_custom_1484845116068{padding-top: 25px !important;padding-right: 30px !important;padding-bottom: 25px !important;padding-left: 30px !important;background-color: #2f3c40 !important;}\u00a0\u00bb offset=\u00a0\u00bbvc_col-lg-4 vc_col-md-12&Prime; el_class=\u00a0\u00bbcontacto-datos\u00a0\u00bb][stm_icon_box title_holder=\u00a0\u00bbh4&Prime;&#8230;<\/p>\n","protected":false},"author":3,"featured_media":0,"parent":0,"menu_order":0,"comment_status":"closed","ping_status":"closed","template":"","meta":{"_acf_changed":false,"footnotes":""},"class_list":["post-5196","page","type-page","status-publish","hentry"],"acf":[],"_links":{"self":[{"href":"https:\/\/espaciohd.com\/fr\/wp-json\/wp\/v2\/pages\/5196","targetHints":{"allow":["GET"]}}],"collection":[{"href":"https:\/\/espaciohd.com\/fr\/wp-json\/wp\/v2\/pages"}],"about":[{"href":"https:\/\/espaciohd.com\/fr\/wp-json\/wp\/v2\/types\/page"}],"author":[{"embeddable":true,"href":"https:\/\/espaciohd.com\/fr\/wp-json\/wp\/v2\/users\/3"}],"replies":[{"embeddable":true,"href":"https:\/\/espaciohd.com\/fr\/wp-json\/wp\/v2\/comments?post=5196"}],"version-history":[{"count":0,"href":"https:\/\/espaciohd.com\/fr\/wp-json\/wp\/v2\/pages\/5196\/revisions"}],"wp:attachment":[{"href":"https:\/\/espaciohd.com\/fr\/wp-json\/wp\/v2\/media?parent=5196"}],"curies":[{"name":"wp","href":"https:\/\/api.w.org\/{rel}","templated":true}]}}