{"id":5195,"date":"2017-02-02T09:56:45","date_gmt":"2017-02-02T09:56:45","guid":{"rendered":"https:\/\/espaciohd.com\/?page_id=5195\/"},"modified":"2017-02-20T09:19:01","modified_gmt":"2017-02-20T09:19:01","slug":"boutique","status":"publish","type":"page","link":"https:\/\/espaciohd.com\/fr\/boutique\/","title":{"rendered":"Boutique"},"content":{"rendered":"<p>[vc_row][vc_column width=\u00a0\u00bb2\/3&Prime;][vc_single_image image=\u00a0\u00bb4467&Prime; img_size=\u00a0\u00bbfull\u00a0\u00bb alignment=\u00a0\u00bbcenter\u00a0\u00bb][\/vc_column][vc_column width=\u00a0\u00bb1\/3&Prime;][vc_column_text]<\/p>\n<h2 style=\"font-size: 30px;\">BOUTIQUE H-D<\/h2>\n<h3 style=\"font-size: 30px; color: #ff821b;\">ACHATS FINANC\u00c9S<\/h3>\n<p>La Boutique de l\u2019ESPACE HARLEY DAVIDSON DE BARCELONE tient \u00e0 votre disposition des tenues sp\u00e9cialis\u00e9es, des v\u00eatements, accessoires, chaussures, articles d\u2019art, bijoux et bien d\u2019autres surprises, tous produits officiels de la marque HARLEY DAVIDSON.<\/p>\n<p>Nous finan\u00e7ons l\u2019achat de tous les produits de notre boutique.[\/vc_column_text][\/vc_column][\/vc_row][vc_row el_class=\u00a0\u00bbhd-boutique-carrusel\u00a0\u00bb][vc_column][vc_empty_space height=\u00a0\u00bb80px\u00a0\u00bb][stm_carousel image_size=\u00a0\u00bbfull\u00a0\u00bb images=\u00a0\u00bb4982,4986,4979,4981,4988,4990,4978,4980,4983,4984,4985,4987,4989,4992,4993,4976&Prime;][\/vc_column][\/vc_row]<\/p>\n","protected":false},"excerpt":{"rendered":"<p>[vc_row][vc_column width=\u00a0\u00bb2\/3&Prime;][vc_single_image image=\u00a0\u00bb4467&Prime; img_size=\u00a0\u00bbfull\u00a0\u00bb alignment=\u00a0\u00bbcenter\u00a0\u00bb][\/vc_column][vc_column width=\u00a0\u00bb1\/3&Prime;][vc_column_text] BOUTIQUE H-D ACHATS FINANC\u00c9S La Boutique de l\u2019ESPACE HARLEY DAVIDSON DE BARCELONE tient \u00e0 votre disposition des tenues sp\u00e9cialis\u00e9es, des v\u00eatements, accessoires, chaussures, articles d\u2019art, bijoux et bien d\u2019autres surprises, tous produits officiels de la marque HARLEY DAVIDSON. Nous finan\u00e7ons l\u2019achat de tous les produits de notre boutique.[\/vc_column_text][\/vc_column][\/vc_row][vc_row el_class=\u00a0\u00bbhd-boutique-carrusel\u00a0\u00bb][vc_column][vc_empty_space&#8230;<\/p>\n","protected":false},"author":3,"featured_media":0,"parent":0,"menu_order":0,"comment_status":"closed","ping_status":"closed","template":"","meta":{"_acf_changed":false,"footnotes":""},"class_list":["post-5195","page","type-page","status-publish","hentry"],"acf":[],"_links":{"self":[{"href":"https:\/\/espaciohd.com\/fr\/wp-json\/wp\/v2\/pages\/5195","targetHints":{"allow":["GET"]}}],"collection":[{"href":"https:\/\/espaciohd.com\/fr\/wp-json\/wp\/v2\/pages"}],"about":[{"href":"https:\/\/espaciohd.com\/fr\/wp-json\/wp\/v2\/types\/page"}],"author":[{"embeddable":true,"href":"https:\/\/espaciohd.com\/fr\/wp-json\/wp\/v2\/users\/3"}],"replies":[{"embeddable":true,"href":"https:\/\/espaciohd.com\/fr\/wp-json\/wp\/v2\/comments?post=5195"}],"version-history":[{"count":0,"href":"https:\/\/espaciohd.com\/fr\/wp-json\/wp\/v2\/pages\/5195\/revisions"}],"wp:attachment":[{"href":"https:\/\/espaciohd.com\/fr\/wp-json\/wp\/v2\/media?parent=5195"}],"curies":[{"name":"wp","href":"https:\/\/api.w.org\/{rel}","templated":true}]}}