{"id":5193,"date":"2017-02-02T09:56:25","date_gmt":"2017-02-02T09:56:25","guid":{"rendered":"https:\/\/espaciohd.com\/?page_id=5193\/"},"modified":"2017-03-20T16:11:10","modified_gmt":"2017-03-20T16:11:10","slug":"99-moto-bar","status":"publish","type":"page","link":"https:\/\/espaciohd.com\/fr\/99-moto-bar\/","title":{"rendered":"99% Moto Bar"},"content":{"rendered":"<p>[vc_row][vc_column width=\u00a0\u00bb1\/2&Prime;][vc_single_image image=\u00a0\u00bb4473&Prime; img_size=\u00a0\u00bbfull\u00a0\u00bb][\/vc_column][vc_column width=\u00a0\u00bb1\/2&Prime;][vc_column_text]<\/p>\n<h2 style=\"font-size: 30px;\">99% MOTO BAR<\/h2>\n<p>Le 99 % Moto Bar est un lieu de rencontre, un endroit unique \u00e0 Barcelone. Notre carte comprend de fantastiques et originaux hamburgers, des tacos chingones, des \u0153ufs brouill\u00e9s, de superbes salades, etc.<\/p>\n<p>Soir\u00e9es de Rock&amp;Roll et de Blues en direct : la musique en direct sur notre petite sc\u00e8ne, pour cr\u00e9er une ambiance unique. Vous pouvez \u00e9galement r\u00e9server notre bar pour votre f\u00eate priv\u00e9e, organiser un anniversaire, un enterrement de vie de gar\u00e7on ou c\u00e9l\u00e9brer un divorce\u2026[\/vc_column_text][\/vc_column][\/vc_row][vc_row][vc_column][vc_empty_space height=\u00a0\u00bb80px\u00a0\u00bb][\/vc_column][\/vc_row][vc_row equal_height=\u00a0\u00bbyes\u00a0\u00bb css=\u00a0\u00bb.vc_custom_1482487300680{margin-bottom: 40px !important;}\u00a0\u00bb][vc_column width=\u00a0\u00bb2\/3&Prime; css=\u00a0\u00bb.vc_custom_1484846594067{padding-top: 30px !important;padding-right: 30px !important;padding-bottom: 30px !important;padding-left: 30px !important;background-color: #2f3c40 !important;}\u00a0\u00bb offset=\u00a0\u00bbvc_col-lg-4 vc_col-md-12&Prime; el_class=\u00a0\u00bbmotobar-datos\u00a0\u00bb][stm_icon_box title_holder=\u00a0\u00bbh4&Prime; icon=\u00a0\u00bbstm-service-icon-sales_phone\u00a0\u00bb box_bg_color=\u00a0\u00bbrgba(255,255,255,0.01)\u00a0\u00bb box_text_color=\u00a0\u00bb#ffffff\u00a0\u00bb icon_color=\u00a0\u00bb#ff821b\u00a0\u00bb icon_size=\u00a0\u00bb31&Prime; title=\u00a0\u00bbT\u00e9l\u00e9phone:\u00a0\u00bb css=\u00a0\u00bb.vc_custom_1487582472836{margin-right: 30px !important;margin-bottom: 28px !important;margin-left: 30px !important;padding-top: 0px !important;padding-right: 0px !important;padding-bottom: 0px !important;padding-left: 0px !important;}\u00a0\u00bb line_height=\u00a0\u00bb18&Prime; css_icon=\u00a0\u00bb.vc_custom_1487582472835{margin-top: 2px !important;margin-right: 23px !important;margin-left: 4px !important;}\u00a0\u00bb box_text_color_hover=\u00a0\u00bb#ffffff\u00a0\u00bb]+34 93 4119567[\/stm_icon_box][stm_icon_box title_holder=\u00a0\u00bbh4&Prime; icon=\u00a0\u00bbstm-icon-mail\u00a0\u00bb box_bg_color=\u00a0\u00bbrgba(255,255,255,0.01)\u00a0\u00bb box_text_color=\u00a0\u00bb#ffffff\u00a0\u00bb icon_color=\u00a0\u00bb#ff821b\u00a0\u00bb icon_size=\u00a0\u00bb31&Prime; title=\u00a0\u00bbEmail:\u00a0\u00bb css=\u00a0\u00bb.vc_custom_1487582490732{margin-right: 30px !important;margin-bottom: 28px !important;margin-left: 30px !important;padding-top: 0px !important;padding-right: 0px !important;padding-bottom: 0px !important;padding-left: 0px !important;}\u00a0\u00bb line_height=\u00a0\u00bb18&Prime; css_icon=\u00a0\u00bb.vc_custom_1487582490731{margin-top: 2px !important;margin-right: 23px !important;margin-left: 4px !important;}\u00a0\u00bb box_text_color_hover=\u00a0\u00bb#ffffff\u00a0\u00bb]<a href=\"mailto:eventos@99motobar.com\">eventos@99motobar.com<\/a>[\/stm_icon_box][stm_icon_box title_holder=\u00a0\u00bbh4&Prime; icon=\u00a0\u00bbstm-service-icon-reviews\u00a0\u00bb box_bg_color=\u00a0\u00bbrgba(255,255,255,0.01)\u00a0\u00bb box_text_color=\u00a0\u00bb#ffffff\u00a0\u00bb icon_color=\u00a0\u00bb#ff821b\u00a0\u00bb icon_size=\u00a0\u00bb31&Prime; title=\u00a0\u00bbFacebook:\u00a0\u00bb css=\u00a0\u00bb.vc_custom_1483983529821{margin-right: 30px !important;margin-bottom: 28px !important;margin-left: 30px !important;padding-top: 0px !important;padding-right: 0px !important;padding-bottom: 0px !important;padding-left: 0px !important;}\u00a0\u00bb line_height=\u00a0\u00bb18&Prime; css_icon=\u00a0\u00bb.vc_custom_1483983529820{margin-top: 2px !important;margin-right: 23px !important;margin-left: 4px !important;}\u00a0\u00bb box_text_color_hover=\u00a0\u00bb#ffffff\u00a0\u00bb]<a href=\"http:\/\/www.facebook.com\/el.99.por.ciento\" target=\"_blank\">www.facebook.com\/el.99.por.ciento<\/a>[\/stm_icon_box][\/vc_column][vc_column width=\u00a0\u00bb1\/3&Prime; offset=\u00a0\u00bbvc_col-lg-8 vc_col-md-12&Prime;][vc_single_image image=\u00a0\u00bb4699&Prime; img_size=\u00a0\u00bbfull\u00a0\u00bb][\/vc_column][\/vc_row][vc_row el_class=\u00a0\u00bbhd-motobar-carrusel\u00a0\u00bb][vc_column][vc_empty_space height=\u00a0\u00bb80px\u00a0\u00bb][stm_carousel image_size=\u00a0\u00bbfull\u00a0\u00bb images=\u00a0\u00bb5061,5048,5056,5051,5054,5055,5057,5058,5059,5060,5050,5052,5049&Prime;][\/vc_column][\/vc_row]<\/p>\n","protected":false},"excerpt":{"rendered":"<p>[vc_row][vc_column width=\u00a0\u00bb1\/2&Prime;][vc_single_image image=\u00a0\u00bb4473&Prime; img_size=\u00a0\u00bbfull\u00a0\u00bb][\/vc_column][vc_column width=\u00a0\u00bb1\/2&Prime;][vc_column_text] 99% MOTO BAR Le 99 % Moto Bar est un lieu de rencontre, un endroit unique \u00e0 Barcelone. Notre carte comprend de fantastiques et originaux hamburgers, des tacos chingones, des \u0153ufs brouill\u00e9s, de superbes salades, etc. Soir\u00e9es de Rock&amp;Roll et de Blues en direct : la musique en direct sur&#8230;<\/p>\n","protected":false},"author":3,"featured_media":0,"parent":0,"menu_order":0,"comment_status":"closed","ping_status":"closed","template":"","meta":{"_acf_changed":false,"footnotes":""},"class_list":["post-5193","page","type-page","status-publish","hentry"],"acf":[],"_links":{"self":[{"href":"https:\/\/espaciohd.com\/fr\/wp-json\/wp\/v2\/pages\/5193","targetHints":{"allow":["GET"]}}],"collection":[{"href":"https:\/\/espaciohd.com\/fr\/wp-json\/wp\/v2\/pages"}],"about":[{"href":"https:\/\/espaciohd.com\/fr\/wp-json\/wp\/v2\/types\/page"}],"author":[{"embeddable":true,"href":"https:\/\/espaciohd.com\/fr\/wp-json\/wp\/v2\/users\/3"}],"replies":[{"embeddable":true,"href":"https:\/\/espaciohd.com\/fr\/wp-json\/wp\/v2\/comments?post=5193"}],"version-history":[{"count":0,"href":"https:\/\/espaciohd.com\/fr\/wp-json\/wp\/v2\/pages\/5193\/revisions"}],"wp:attachment":[{"href":"https:\/\/espaciohd.com\/fr\/wp-json\/wp\/v2\/media?parent=5193"}],"curies":[{"name":"wp","href":"https:\/\/api.w.org\/{rel}","templated":true}]}}