{"id":5128,"date":"2015-09-18T09:48:28","date_gmt":"2015-09-18T09:48:28","guid":{"rendered":"https:\/\/espaciohd.com\/?page_id=5128\/"},"modified":"2023-11-16T16:44:06","modified_gmt":"2023-11-16T16:44:06","slug":"espacio-harley-davidson-bcn","status":"publish","type":"page","link":"https:\/\/espaciohd.com\/fr\/","title":{"rendered":"Espacio Harley Davidson BCN"},"content":{"rendered":"<p>[vc_row full_width=\u00a0\u00bbstretch_row_content_no_spaces\u00a0\u00bb el_class=\u00a0\u00bbstm-slider-nice-height\u00a0\u00bb][vc_column][vc_column_text][rev_slider alias=\u00a0\u00bbslider-fr\u00a0\u00bb][\/vc_column_text][\/vc_column][\/vc_row][vc_row full_width=\u00a0\u00bbstretch_row\u00a0\u00bb css=\u00a0\u00bb.vc_custom_1484300400656{margin-bottom: 50px !important;border-top-width: 25px !important;border-top-color: #000000 !important;}\u00a0\u00bb][vc_column width=\u00a0\u00bb1\/4&Prime;][vc_column_text el_class=\u00a0\u00bbbloqueshome\u00a0\u00bb]<\/p>\n<p style=\"text-align: center;\"><a href=\"https:\/\/espaciohd.com\/fr\/rechanges\/\"><img loading=\"lazy\" decoding=\"async\" class=\"alignnone size-full wp-image-4538\" src=\"https:\/\/espaciohd.com\/wp-content\/uploads\/2015\/09\/recambios.jpg\" alt=\"recambios\" width=\"266\" height=\"266\" srcset=\"https:\/\/espaciohd.com\/wp-content\/uploads\/2015\/09\/recambios.jpg 266w, https:\/\/espaciohd.com\/wp-content\/uploads\/2015\/09\/recambios-150x150.jpg 150w\" sizes=\"auto, (max-width: 266px) 100vw, 266px\" \/><\/a><\/p>\n<div class=\"texto-absolute\">\n<p style=\"text-align: center;\"><a href=\"https:\/\/espaciohd.com\/fr\/rechanges\/\">RECHANGES<\/a><\/p>\n<\/div>\n<p>[\/vc_column_text][\/vc_column][vc_column width=\u00a0\u00bb1\/4&Prime;][vc_column_text el_class=\u00a0\u00bbbloqueshome\u00a0\u00bb]<\/p>\n<p style=\"text-align: center;\"><a href=\"https:\/\/espaciohd.com\/fr\/atelier-officiel\/\"><img loading=\"lazy\" decoding=\"async\" class=\"alignnone size-full wp-image-4547\" src=\"https:\/\/espaciohd.com\/wp-content\/uploads\/2015\/09\/sl2.jpg\" alt=\"sl2\" width=\"266\" height=\"266\" srcset=\"https:\/\/espaciohd.com\/wp-content\/uploads\/2015\/09\/sl2.jpg 266w, https:\/\/espaciohd.com\/wp-content\/uploads\/2015\/09\/sl2-150x150.jpg 150w\" sizes=\"auto, (max-width: 266px) 100vw, 266px\" \/><\/a><\/p>\n<div class=\"texto-absolute\">\n<p style=\"text-align: center;\"><a href=\"https:\/\/espaciohd.com\/fr\/atelier-officiel\/\">ATELIER<\/a><\/p>\n<\/div>\n<p>[\/vc_column_text][\/vc_column][vc_column width=\u00a0\u00bb1\/4&Prime;][vc_column_text el_class=\u00a0\u00bbbloqueshome\u00a0\u00bb]<\/p>\n<p style=\"text-align: center;\"><a href=\"https:\/\/espaciohd.com\/fr\/boutique\/\"><img loading=\"lazy\" decoding=\"async\" class=\"alignnone size-full wp-image-4548\" src=\"https:\/\/espaciohd.com\/wp-content\/uploads\/2015\/09\/sl3.jpg\" alt=\"sl3\" width=\"266\" height=\"266\" srcset=\"https:\/\/espaciohd.com\/wp-content\/uploads\/2015\/09\/sl3.jpg 266w, https:\/\/espaciohd.com\/wp-content\/uploads\/2015\/09\/sl3-150x150.jpg 150w\" sizes=\"auto, (max-width: 266px) 100vw, 266px\" \/><\/a><\/p>\n<div class=\"texto-absolute\">\n<p style=\"text-align: center;\"><a href=\"https:\/\/espaciohd.com\/fr\/boutique\/\">BOUTIQUE<\/a><\/p>\n<\/div>\n<p>[\/vc_column_text][\/vc_column][vc_column width=\u00a0\u00bb1\/4&Prime;][vc_column_text el_class=\u00a0\u00bbbloqueshome\u00a0\u00bb]<\/p>\n<p style=\"text-align: center;\"><a href=\"https:\/\/espaciohd.com\/fr\/99-moto-bar\/\"><img loading=\"lazy\" decoding=\"async\" class=\"alignnone size-full wp-image-4549\" src=\"https:\/\/espaciohd.com\/wp-content\/uploads\/2015\/09\/sl4.jpg\" alt=\"sl4\" width=\"266\" height=\"266\" srcset=\"https:\/\/espaciohd.com\/wp-content\/uploads\/2015\/09\/sl4.jpg 266w, https:\/\/espaciohd.com\/wp-content\/uploads\/2015\/09\/sl4-150x150.jpg 150w\" sizes=\"auto, (max-width: 266px) 100vw, 266px\" \/><\/a><\/p>\n<div class=\"texto-absolute\">\n<p style=\"text-align: center;\"><a href=\"https:\/\/espaciohd.com\/fr\/99-moto-bar\/\">99% MOTO BAR<\/a><\/p>\n<\/div>\n<p>[\/vc_column_text][\/vc_column][\/vc_row][vc_row full_width=\u00a0\u00bbstretch_row\u00a0\u00bb css=\u00a0\u00bb.vc_custom_1481291153726{margin-bottom: 60px !important;}\u00a0\u00bb][vc_column][vc_row_inner][vc_column_inner][vc_custom_heading text=\u00a0\u00bbNOUS AVONS LA HARLEY-DAVIDSON QU\u2019IL VOUS FAUT\u00a0\u00bb font_container=\u00a0\u00bbtag:h2|text_align:center|color:%23ffffff\u00a0\u00bb use_theme_fonts=\u00a0\u00bbyes\u00a0\u00bb css=\u00a0\u00bb.vc_custom_1487580127092{margin-bottom: 45px !important;}\u00a0\u00bb][\/vc_column_inner][\/vc_row_inner][vc_row_inner css=\u00a0\u00bb.vc_custom_1470891410097{margin-bottom: 0px !important;}\u00a0\u00bb][vc_column_inner width=\u00a0\u00bb1\/2&Prime;][vc_column_text el_class=\u00a0\u00bbbloques2home\u00a0\u00bb]<\/p>\n<div class=\"stm_mc-image-category\">\n<div class=\"links\">\n<div class=\"sub-links\"><a href=\"http:\/\/www.harley-davidson.com\/es_ES\/Motorcycles\/motorcycles.html\"><br \/>\nMOTOS DE <\/a><\/div>\n<p><a class=\"heading-font\" href=\"https:\/\/www.harley-davidson.com\/es\/es\/products\/bikes.html\"><br \/>\nGAMME ACTUELLE<\/a><\/p>\n<\/div>\n<div class=\"inner\"><a href=\"http:\/\/www.harley-davidson.com\/es_ES\/Motorcycles\/motorcycles.html\"><br \/>\n<img decoding=\"async\" src=\"https:\/\/espaciohd.com\/wp-content\/uploads\/2017\/01\/web-16-hd-roadster-1.jpg\" \/><br \/>\n<\/a><\/div>\n<\/div>\n<p>[\/vc_column_text][\/vc_column_inner][vc_column_inner width=\u00a0\u00bb1\/2&Prime;][vc_column_text el_class=\u00a0\u00bbbloques2home\u00a0\u00bb]<\/p>\n<div class=\"stm_mc-image-category\">\n<div class=\"links\">\n<div class=\"sub-links\"><a href=\"https:\/\/espaciohd.com\/fr\/personnalization\/\"><br \/>\nMOTOS <\/a><\/div>\n<p><a class=\"heading-font\" href=\"https:\/\/espaciohd.com\/fr\/personnalization\/\"><br \/>\nCUSTOM <\/a><\/p>\n<\/div>\n<div class=\"inner\"><a href=\"https:\/\/espaciohd.com\/fr\/personnalization\/\"><br \/>\n<img decoding=\"async\" src=\"https:\/\/espaciohd.com\/wp-content\/uploads\/2017\/01\/monster.jpg\" \/><br \/>\n<\/a><\/div>\n<\/div>\n<p>[\/vc_column_text][\/vc_column_inner][\/vc_row_inner][vc_row_inner css=\u00a0\u00bb.vc_custom_1470891410097{margin-bottom: 0px !important;}\u00a0\u00bb][vc_column_inner width=\u00a0\u00bb1\/2&Prime;][vc_column_text el_class=\u00a0\u00bbbloques2home\u00a0\u00bb]<\/p>\n<div class=\"stm_mc-image-category\">\n<div class=\"links\">\n<div class=\"sub-links\"><a href=\"https:\/\/espaciohd.com\/fr\/m-occasion\/?tipo=ocasion&amp;view_type=grid\">MOTOS<\/a><\/div>\n<p><a class=\"heading-font\" href=\"https:\/\/espaciohd.com\/fr\/m-occasion\/?tipo=ocasion&amp;view_type=grid\"><br \/>\nD&rsquo;OCCASION<\/a><\/p>\n<\/div>\n<div class=\"inner\"><a href=\"https:\/\/espaciohd.com\/fr\/m-occasion\/?tipo=ocasion&amp;view_type=grid\"><br \/>\n<img decoding=\"async\" src=\"https:\/\/espaciohd.com\/wp-content\/uploads\/2017\/01\/b1-2.jpg\" \/><br \/>\n<\/a><\/div>\n<\/div>\n<p>[\/vc_column_text][\/vc_column_inner][vc_column_inner width=\u00a0\u00bb1\/2&Prime;][vc_column_text el_class=\u00a0\u00bbbloques2home\u00a0\u00bb]<\/p>\n<div class=\"stm_mc-image-category\">\n<div class=\"links\">\n<div class=\"sub-links\"><a href=\"https:\/\/espaciohd.com\/fr\/louez-une-harley-davidson\/?tipo=alquiler\">MOTOS \u00c0<\/a><\/div>\n<p><a class=\"heading-font\" href=\"https:\/\/espaciohd.com\/fr\/louez-une-harley-davidson\/?tipo=alquiler\"><br \/>\nLOUER <\/a><\/p>\n<\/div>\n<div class=\"inner\"><a href=\"https:\/\/espaciohd.com\/fr\/louez-une-harley-davidson\/?tipo=alquiler\"><br \/>\n<img decoding=\"async\" src=\"https:\/\/espaciohd.com\/wp-content\/uploads\/2015\/09\/fat-boy.jpg\" \/><br \/>\n<\/a><\/div>\n<\/div>\n<p>[\/vc_column_text][\/vc_column_inner][\/vc_row_inner][\/vc_column][\/vc_row][vc_row parallax=\u00a0\u00bbcontent-moving\u00a0\u00bb css=\u00a0\u00bb.vc_custom_1481628756928{margin-bottom: 80px !important;padding-top: 200px !important;padding-bottom: 200px !important;background-image: url(https:\/\/espaciohd.com\/wp-content\/uploads\/2015\/09\/harley.jpg?id=4625) !important;background-position: center;background-repeat: no-repeat !important;background-size: cover !important;}\u00a0\u00bb el_class=\u00a0\u00bbstm-fullwidth-with-parallax\u00a0\u00bb][vc_column][\/vc_column][\/vc_row][vc_row css=\u00a0\u00bb.vc_custom_1482230675677{margin-bottom: 90px !important;}\u00a0\u00bb el_id=\u00a0\u00bbhome-productos-recomendados\u00a0\u00bb][vc_column][vc_custom_heading text=\u00a0\u00bbPRODUITS RECOMMAND\u00c9S\u00a0\u00bb font_container=\u00a0\u00bbtag:h3|font_size:30px|text_align:left|color:%23ffffff\u00a0\u00bb use_theme_fonts=\u00a0\u00bbyes\u00a0\u00bb css=\u00a0\u00bb.vc_custom_1487580438959{margin-bottom: 60px !important;}\u00a0\u00bb][stm_carousel image_size=\u00a0\u00bbfull\u00a0\u00bb slides_per_row=\u00a0\u00bb3&Prime; images=\u00a0\u00bb4988,4985,4992,4976,4989,4982,4984&Prime;][\/vc_column][\/vc_row][vc_row full_width=\u00a0\u00bbstretch_row_content_no_spaces\u00a0\u00bb parallax=\u00a0\u00bbcontent-moving\u00a0\u00bb css=\u00a0\u00bb.vc_custom_1700153041511{margin-bottom: 80px !important;padding-top: 200px !important;padding-bottom: 200px !important;background-image: url(https:\/\/espaciohd.com\/wp-content\/uploads\/2023\/11\/harley.jpg?id=50051) !important;background-position: center;background-repeat: no-repeat !important;background-size: contain !important;}\u00a0\u00bb el_class=\u00a0\u00bbstm-fullwidth-with-parallax\u00a0\u00bb][vc_column][\/vc_column][\/vc_row][vc_row css=\u00a0\u00bb.vc_custom_1482833750550{margin-bottom: 90px !important;}\u00a0\u00bb el_class=\u00a0\u00bbhd-noticias-home\u00a0\u00bb][vc_column][vc_custom_heading text=\u00a0\u00bb \u00a0\u00bb font_container=\u00a0\u00bbtag:h2|text_align:left|color:%23ffffff\u00a0\u00bb use_theme_fonts=\u00a0\u00bbyes\u00a0\u00bb css=\u00a0\u00bb.vc_custom_1490786100385{margin-bottom: 60px !important;}\u00a0\u00bb][vc_basic_grid post_type=\u00a0\u00bbpost\u00a0\u00bb max_items=\u00a0\u00bb3&Prime; item=\u00a0\u00bb4721&Prime; grid_id=\u00a0\u00bbvc_gid:1700153017375-6a4c7857-b0b2-10&Prime; el_class=\u00a0\u00bbhome-post-list\u00a0\u00bb][\/vc_column][\/vc_row][vc_row css=\u00a0\u00bb.vc_custom_1481628608749{margin-bottom: 90px !important;}\u00a0\u00bb][vc_column width=\u00a0\u00bb1\/2&Prime;][vc_custom_heading text=\u00a0\u00bbATELIER OFFICIEL<br \/>\nPrenez rendez-vous : 933 394 874&Prime; font_container=\u00a0\u00bbtag:h2|text_align:left|color:%23ffffff\u00a0\u00bb use_theme_fonts=\u00a0\u00bbyes\u00a0\u00bb css=\u00a0\u00bb.vc_custom_1487586395662{margin-bottom: 25px !important;}\u00a0\u00bb][vc_single_image image=\u00a0\u00bb4615&Prime; img_size=\u00a0\u00bbfull\u00a0\u00bb css=\u00a0\u00bb.vc_custom_1481627685678{margin-bottom: 10px !important;}\u00a0\u00bb][vc_column_text el_class=\u00a0\u00bbhome-text-list\u00a0\u00bb]Les m\u00e9caniciens de l\u2019atelier de l\u2019ESPACE HARLEY DAVIDSON de Barcelone ont \u00e9t\u00e9 form\u00e9s \u00e0 la Harley Davidson University, avec chaque ann\u00e9e une nouvelle formation dispens\u00e9e par la Motor Company pour garantir une intervention de qualit\u00e9 sur les motos de nos clients.<\/p>\n<ul>\n<li>R\u00e9paration<\/li>\n<li>Entretien<\/li>\n<li>Personnalisations<\/li>\n<\/ul>\n<p>[\/vc_column_text][\/vc_column][vc_column width=\u00a0\u00bb1\/2&Prime;][vc_single_image image=\u00a0\u00bb4623&Prime; img_size=\u00a0\u00bbfull\u00a0\u00bb][\/vc_column][\/vc_row]<\/p>\n","protected":false},"excerpt":{"rendered":"<p>[vc_row full_width=\u00a0\u00bbstretch_row_content_no_spaces\u00a0\u00bb el_class=\u00a0\u00bbstm-slider-nice-height\u00a0\u00bb][vc_column][vc_column_text][rev_slider alias=\u00a0\u00bbslider-fr\u00a0\u00bb][\/vc_column_text][\/vc_column][\/vc_row][vc_row full_width=\u00a0\u00bbstretch_row\u00a0\u00bb css=\u00a0\u00bb.vc_custom_1484300400656{margin-bottom: 50px !important;border-top-width: 25px !important;border-top-color: #000000 !important;}\u00a0\u00bb][vc_column width=\u00a0\u00bb1\/4&Prime;][vc_column_text el_class=\u00a0\u00bbbloqueshome\u00a0\u00bb] RECHANGES [\/vc_column_text][\/vc_column][vc_column width=\u00a0\u00bb1\/4&Prime;][vc_column_text el_class=\u00a0\u00bbbloqueshome\u00a0\u00bb] ATELIER [\/vc_column_text][\/vc_column][vc_column width=\u00a0\u00bb1\/4&Prime;][vc_column_text el_class=\u00a0\u00bbbloqueshome\u00a0\u00bb] BOUTIQUE [\/vc_column_text][\/vc_column][vc_column width=\u00a0\u00bb1\/4&Prime;][vc_column_text el_class=\u00a0\u00bbbloqueshome\u00a0\u00bb] 99% MOTO BAR [\/vc_column_text][\/vc_column][\/vc_row][vc_row full_width=\u00a0\u00bbstretch_row\u00a0\u00bb css=\u00a0\u00bb.vc_custom_1481291153726{margin-bottom: 60px !important;}\u00a0\u00bb][vc_column][vc_row_inner][vc_column_inner][vc_custom_heading text=\u00a0\u00bbNOUS AVONS LA HARLEY-DAVIDSON QU\u2019IL VOUS FAUT\u00a0\u00bb font_container=\u00a0\u00bbtag:h2|text_align:center|color:%23ffffff\u00a0\u00bb use_theme_fonts=\u00a0\u00bbyes\u00a0\u00bb css=\u00a0\u00bb.vc_custom_1487580127092{margin-bottom: 45px !important;}\u00a0\u00bb][\/vc_column_inner][\/vc_row_inner][vc_row_inner css=\u00a0\u00bb.vc_custom_1470891410097{margin-bottom: 0px !important;}\u00a0\u00bb][vc_column_inner width=\u00a0\u00bb1\/2&Prime;][vc_column_text el_class=\u00a0\u00bbbloques2home\u00a0\u00bb] MOTOS DE GAMME ACTUELLE&#8230;<\/p>\n","protected":false},"author":3,"featured_media":0,"parent":0,"menu_order":0,"comment_status":"closed","ping_status":"closed","template":"","meta":{"_acf_changed":false,"footnotes":""},"class_list":["post-5128","page","type-page","status-publish","hentry"],"acf":[],"_links":{"self":[{"href":"https:\/\/espaciohd.com\/fr\/wp-json\/wp\/v2\/pages\/5128","targetHints":{"allow":["GET"]}}],"collection":[{"href":"https:\/\/espaciohd.com\/fr\/wp-json\/wp\/v2\/pages"}],"about":[{"href":"https:\/\/espaciohd.com\/fr\/wp-json\/wp\/v2\/types\/page"}],"author":[{"embeddable":true,"href":"https:\/\/espaciohd.com\/fr\/wp-json\/wp\/v2\/users\/3"}],"replies":[{"embeddable":true,"href":"https:\/\/espaciohd.com\/fr\/wp-json\/wp\/v2\/comments?post=5128"}],"version-history":[{"count":0,"href":"https:\/\/espaciohd.com\/fr\/wp-json\/wp\/v2\/pages\/5128\/revisions"}],"wp:attachment":[{"href":"https:\/\/espaciohd.com\/fr\/wp-json\/wp\/v2\/media?parent=5128"}],"curies":[{"name":"wp","href":"https:\/\/api.w.org\/{rel}","templated":true}]}}