{"id":34399,"date":"2021-10-18T09:02:36","date_gmt":"2021-10-18T09:02:36","guid":{"rendered":"https:\/\/espaciohd.com\/prueba-una-h-d-dev\/"},"modified":"2021-10-20T09:26:56","modified_gmt":"2021-10-20T09:26:56","slug":"essayez-une-harley-davidson","status":"publish","type":"page","link":"https:\/\/espaciohd.com\/fr\/essayez-une-harley-davidson\/","title":{"rendered":"ESSAYEZ UNE HARLEY"},"content":{"rendered":"<p>[vc_row css=\u00a0\u00bb.vc_custom_1485173422377{margin-top: 40px !important;margin-bottom: 40px !important;}\u00a0\u00bb][vc_column][vc_custom_heading text=\u00a0\u00bbVOULEZ-VOUS ESSAYER UNE HARLEY-DAVIDSON?\u00a0\u00bb google_fonts=\u00a0\u00bbfont_family:Exo%3A100%2C100italic%2C200%2C200italic%2C300%2C300italic%2Cregular%2Citalic%2C500%2C500italic%2C600%2C600italic%2C700%2C700italic%2C800%2C800italic%2C900%2C900italic|font_style:400%20regular%3A400%3Anormal\u00a0\u00bb][vc_column_text]Vous devez seulement \u00eatre en Espagne et VISA. Un permis de conduire valide pour vous. Appelez le (<a style=\"color: #ff821b;\" href=\"tel:933394874\">933394874<\/a>) ou envoyez un e-mail \u00e0 <a href=\"mailto:info@espaciohd.com\">info@espaciohd.com<\/a> et r\u00e9servez 1 heure pour ressentir la puissance de Harley-Davidson.[\/vc_column_text][\/vc_column][\/vc_row][vc_row disable_element=\u00a0\u00bbyes\u00a0\u00bb css=\u00a0\u00bb.vc_custom_1634547402388{margin-bottom: 70px !important;}\u00a0\u00bb][vc_column width=\u00a0\u00bb1\/4&Prime;][stm_sidebar sidebar=\u00a0\u00bb4153&Prime;][\/vc_column][vc_column width=\u00a0\u00bb3\/4&Prime;][\/vc_column][\/vc_row]<\/p>\n","protected":false},"excerpt":{"rendered":"<p>[vc_row css=\u00a0\u00bb.vc_custom_1485173422377{margin-top: 40px !important;margin-bottom: 40px !important;}\u00a0\u00bb][vc_column][vc_custom_heading text=\u00a0\u00bbVOULEZ-VOUS ESSAYER UNE HARLEY-DAVIDSON?\u00a0\u00bb google_fonts=\u00a0\u00bbfont_family:Exo%3A100%2C100italic%2C200%2C200italic%2C300%2C300italic%2Cregular%2Citalic%2C500%2C500italic%2C600%2C600italic%2C700%2C700italic%2C800%2C800italic%2C900%2C900italic|font_style:400%20regular%3A400%3Anormal\u00a0\u00bb][vc_column_text]Vous devez seulement \u00eatre en Espagne et VISA. Un permis de conduire valide pour vous. Appelez le (933394874) ou envoyez un e-mail \u00e0 info@espaciohd.com et r\u00e9servez 1 heure pour ressentir la puissance de Harley-Davidson.[\/vc_column_text][\/vc_column][\/vc_row][vc_row disable_element=\u00a0\u00bbyes\u00a0\u00bb css=\u00a0\u00bb.vc_custom_1634547402388{margin-bottom: 70px !important;}\u00a0\u00bb][vc_column width=\u00a0\u00bb1\/4&Prime;][stm_sidebar sidebar=\u00a0\u00bb4153&Prime;][\/vc_column][vc_column width=\u00a0\u00bb3\/4&Prime;][\/vc_column][\/vc_row]<\/p>\n","protected":false},"author":3,"featured_media":0,"parent":0,"menu_order":0,"comment_status":"closed","ping_status":"closed","template":"","meta":{"_acf_changed":false,"footnotes":""},"class_list":["post-34399","page","type-page","status-publish","hentry"],"acf":[],"_links":{"self":[{"href":"https:\/\/espaciohd.com\/fr\/wp-json\/wp\/v2\/pages\/34399","targetHints":{"allow":["GET"]}}],"collection":[{"href":"https:\/\/espaciohd.com\/fr\/wp-json\/wp\/v2\/pages"}],"about":[{"href":"https:\/\/espaciohd.com\/fr\/wp-json\/wp\/v2\/types\/page"}],"author":[{"embeddable":true,"href":"https:\/\/espaciohd.com\/fr\/wp-json\/wp\/v2\/users\/3"}],"replies":[{"embeddable":true,"href":"https:\/\/espaciohd.com\/fr\/wp-json\/wp\/v2\/comments?post=34399"}],"version-history":[{"count":0,"href":"https:\/\/espaciohd.com\/fr\/wp-json\/wp\/v2\/pages\/34399\/revisions"}],"wp:attachment":[{"href":"https:\/\/espaciohd.com\/fr\/wp-json\/wp\/v2\/media?parent=34399"}],"curies":[{"name":"wp","href":"https:\/\/api.w.org\/{rel}","templated":true}]}}