{"id":52416,"date":"2024-03-01T10:21:53","date_gmt":"2024-03-01T10:21:53","guid":{"rendered":"https:\/\/espaciohd.com\/?page_id=52416"},"modified":"2024-03-01T10:34:50","modified_gmt":"2024-03-01T10:34:50","slug":"espai-tattoo-barcelona","status":"publish","type":"page","link":"https:\/\/espaciohd.com\/ca\/espai-tattoo-barcelona\/","title":{"rendered":"Espai Tattoo Barcelona"},"content":{"rendered":"<p>[vc_row][vc_column width=&#8221;1\/2&#8243; css=&#8221;.vc_custom_1709201683219{margin-bottom: 2rem !important;}&#8221;][vc_single_image image=&#8221;52315&#8243; img_size=&#8221;full&#8221; alignment=&#8221;center&#8221;][\/vc_column][vc_column width=&#8221;1\/2&#8243; css=&#8221;.vc_custom_1709201707842{margin-bottom: 2rem !important;}&#8221;][vc_column_text]<\/p>\n<h2>ESPAI TATTOO BARCELONA<\/h2>\n<h3 style=\"font-size: 30px; color: #ff821b; text-transform: uppercase;\">Un estudi de tatuatges amb dues cabines dins del concessionari Harley-Davidson<\/h3>\n<h4 style=\"color: #ff821b;\">RESERVES<\/h4>\n<p>(+34) 623420961 \/ info@espaciotattoo.com<\/p>\n<h4 style=\"color: #ff821b;\">QU\u00c8 FEM?<\/h4>\n<p>Tatuatges, p\u00edrcing, l\u00e0ser per esborrar tatuatges.<\/p>\n<h4 style=\"color: #ff821b;\">XARXES SOCIALS<\/h4>\n<p>[\/vc_column_text][vc_single_image image=&#8221;52405&#8243; alignment=&#8221;center&#8221; onclick=&#8221;custom_link&#8221; img_link_target=&#8221;_blank&#8221; link=&#8221;https:\/\/www.instagram.com\/espaciotattoo\/&#8221;][\/vc_column][\/vc_row][vc_row css=&#8221;.vc_custom_1709143226717{margin-top: 40px !important;}&#8221;][vc_column width=&#8221;1\/2&#8243; css=&#8221;.vc_custom_1709201737331{margin-bottom: 2rem !important;}&#8221;][vc_single_image image=&#8221;52293&#8243; img_size=&#8221;large&#8221; alignment=&#8221;center&#8221; onclick=&#8221;link_image&#8221;][\/vc_column][vc_column width=&#8221;1\/2&#8243; css=&#8221;.vc_custom_1709201745010{margin-bottom: 2rem !important;}&#8221;][vc_single_image image=&#8221;52299&#8243; img_size=&#8221;large&#8221; alignment=&#8221;center&#8221; onclick=&#8221;link_image&#8221;][\/vc_column][\/vc_row][vc_row][vc_column][vc_empty_space height=&#8221;80px&#8221;][\/vc_column][\/vc_row]<\/p>\n","protected":false},"excerpt":{"rendered":"<p>[vc_row][vc_column width=&#8221;1\/2&#8243; css=&#8221;.vc_custom_1709201683219{margin-bottom: 2rem !important;}&#8221;][vc_single_image image=&#8221;52315&#8243; img_size=&#8221;full&#8221; alignment=&#8221;center&#8221;][\/vc_column][vc_column width=&#8221;1\/2&#8243; css=&#8221;.vc_custom_1709201707842{margin-bottom: 2rem !important;}&#8221;][vc_column_text] ESPAI TATTOO BARCELONA Un estudi de tatuatges amb dues cabines dins del concessionari Harley-Davidson RESERVES (+34) 623420961 \/ info@espaciotattoo.com QU\u00c8 FEM? Tatuatges, p\u00edrcing, l\u00e0ser per esborrar tatuatges. XARXES SOCIALS [\/vc_column_text][vc_single_image image=&#8221;52405&#8243; alignment=&#8221;center&#8221; onclick=&#8221;custom_link&#8221; img_link_target=&#8221;_blank&#8221; link=&#8221;https:\/\/www.instagram.com\/espaciotattoo\/&#8221;][\/vc_column][\/vc_row][vc_row css=&#8221;.vc_custom_1709143226717{margin-top: 40px !important;}&#8221;][vc_column width=&#8221;1\/2&#8243; css=&#8221;.vc_custom_1709201737331{margin-bottom: 2rem !important;}&#8221;][vc_single_image image=&#8221;52293&#8243;&#8230;<\/p>\n","protected":false},"author":3,"featured_media":0,"parent":0,"menu_order":0,"comment_status":"closed","ping_status":"closed","template":"","meta":{"_acf_changed":false,"footnotes":""},"class_list":["post-52416","page","type-page","status-publish","hentry"],"acf":[],"_links":{"self":[{"href":"https:\/\/espaciohd.com\/ca\/wp-json\/wp\/v2\/pages\/52416","targetHints":{"allow":["GET"]}}],"collection":[{"href":"https:\/\/espaciohd.com\/ca\/wp-json\/wp\/v2\/pages"}],"about":[{"href":"https:\/\/espaciohd.com\/ca\/wp-json\/wp\/v2\/types\/page"}],"author":[{"embeddable":true,"href":"https:\/\/espaciohd.com\/ca\/wp-json\/wp\/v2\/users\/3"}],"replies":[{"embeddable":true,"href":"https:\/\/espaciohd.com\/ca\/wp-json\/wp\/v2\/comments?post=52416"}],"version-history":[{"count":0,"href":"https:\/\/espaciohd.com\/ca\/wp-json\/wp\/v2\/pages\/52416\/revisions"}],"wp:attachment":[{"href":"https:\/\/espaciohd.com\/ca\/wp-json\/wp\/v2\/media?parent=52416"}],"curies":[{"name":"wp","href":"https:\/\/api.w.org\/{rel}","templated":true}]}}