{"id":5156,"date":"2017-02-01T18:00:11","date_gmt":"2017-02-01T18:00:11","guid":{"rendered":"https:\/\/espaciohd.com\/?page_id=5156\/"},"modified":"2017-02-16T11:50:39","modified_gmt":"2017-02-16T11:50:39","slug":"cookies","status":"publish","type":"page","link":"https:\/\/espaciohd.com\/ca\/cookies\/","title":{"rendered":"Pol\u00edtica de cookies"},"content":{"rendered":"<p>Aquesta web utilitza cookies pr\u00f2pies i de tercers per oferir-li una millor experi\u00e8ncia i servei. En navegar o utilitzar els nostres serveis l&#8217;usuari accepta l&#8217;\u00fas que fem de les cookies. No obstant aix\u00f2, l&#8217;usuari t\u00e9 l&#8217;opci\u00f3 d&#8217;impedir la generaci\u00f3 de cookies i l&#8217;eliminaci\u00f3 de les mateixes mitjan\u00e7ant la selecci\u00f3 de la corresponent opci\u00f3 en el seu navegador. En cas de bloquejar l&#8217;\u00fas de cookies al seu navegador \u00e9s possible que alguns serveis o funcionalitats de la p\u00e0gina web no estiguin disponibles.<\/p>\n<h3>Qu\u00e8 \u00e9s una cookie<\/h3>\n<p>Una cookie \u00e9s un petit fragment de text que els llocs web envien al navegador i que s&#8217;emmagatzemen en el terminal de l&#8217;usuari, el qual pot ser un ordinador personal, un tel\u00e8fon m\u00f2bil, un tablet, etc .. Aquests arxius permeten que el lloc web recordi informaci\u00f3 sobre la seva visita, com l&#8217;idioma i les opcions preferides, el que pot facilitar la seva pr\u00f2xima visita i fer que el lloc sigui m\u00e9s \u00fatil a l&#8217;personalitzar el seu contingut. Les cookies tenen un paper molt important, en millorar l&#8217;experi\u00e8ncia d&#8217;\u00fas del web.<\/p>\n<h3>Com s&#8217;utilitzen les cookies?<\/h3>\n<p>En navegar per aquest portal web l&#8217;usuari est\u00e0 acceptant que es puguin instal\u00b7lar cookies en el seu terminal i que ens permeten con\u00e8ixer la seg\u00fcent informaci\u00f3:<\/p>\n<ul>\n<li>Informaci\u00f3 estad\u00edstica de l&#8217;\u00fas del web.<\/li>\n<li>El &#8216;login&#8217; de l&#8217;usuari per mantenir la sessi\u00f3 activa a la web.<\/li>\n<li>El format del web preferent en l&#8217;acc\u00e9s des de dispositius m\u00f2bils.<\/li>\n<li>Les \u00faltimes recerques realitzades en els serveis de la web i dades de personalitzaci\u00f3 d&#8217;aquests serveis.<\/li>\n<li>Informaci\u00f3 sobre els anuncis que es mostren a l&#8217;usuari.<\/li>\n<li>Informaci\u00f3 de les enquestes en les que ha participat l&#8217;usuari.<\/li>\n<li>Dades de la connexi\u00f3 amb les xarxes socials per als usuaris que accedeixen amb el seu usuari de Facebook o Twitter.<\/li>\n<\/ul>\n<h3>Tipus de cookies utilitzades<\/h3>\n<p>Aquesta web utilitza tant cookies temporals de sessi\u00f3 com cookies permanents. Les cookies de sessi\u00f3 emmagatzemen dades \u00fanicament mentre l&#8217;usuari accedeix al web i les cookies permanents emmagatzemen les dades en el terminal perqu\u00e8 siguin accedits i utilitzats en m\u00e9s d&#8217;una sessi\u00f3.<\/p>\n<p>Segons la finalitat per a la qual es tractin les dades obtingudes a trav\u00e9s de les cookies, el web pot utilitzar:<\/p>\n<h4>Cookies t\u00e8cniques<\/h4>\n<p>S\u00f3n aquelles que permeten a l&#8217;usuari la navegaci\u00f3 a trav\u00e9s de la p\u00e0gina web o aplicaci\u00f3 i la utilitzaci\u00f3 de les diferents opcions o serveis que en ella existeixen. Per exemple, controlar el tr\u00e0nsit i la comunicaci\u00f3 de dades, identificar la sessi\u00f3, accedir a les parts Web d&#8217;acc\u00e9s restringit, recordar els elements que integren una comanda, fer la sol\u00b7licitud d&#8217;inscripci\u00f3 o participaci\u00f3 en un esdeveniment, utilitzar elements de seguretat durant la navegaci\u00f3 i emmagatzemar continguts per a la difusi\u00f3 de v\u00eddeos o so.<\/p>\n<h4>Cookies de personalitzaci\u00f3<\/h4>\n<p>S\u00f3n aquelles que permeten a l&#8217;usuari accedir al servei amb algunes caracter\u00edstiques de car\u00e0cter general predefinides en el seu terminal o que el propi usuari defineixi. Per exemple, l&#8217;idioma, el tipus de navegador mitjan\u00e7ant el qual accedeix al servei, el disseny de continguts seleccionat, geolocalitzaci\u00f3 del terminal i la configuraci\u00f3 regional des d&#8217;on s&#8217;accedeix al servei.<\/p>\n<h4>Cookies publicit\u00e0ries<\/h4>\n<p>S\u00f3n aquelles que permeten la gesti\u00f3 efica\u00e7 dels espais publicitaris que s&#8217;han incl\u00f2s a la p\u00e0gina web o aplicaci\u00f3 des de la qual es presta el servei. Permeten adequar el contingut de la publicitat perqu\u00e8 aquesta sigui rellevant per a l&#8217;usuari i per evitar mostrar anuncis que l&#8217;usuari ja hagi vist.<\/p>\n<h4>Cookies d&#8217;an\u00e0lisi estad\u00edstica<\/h4>\n<p>S\u00f3n aquelles que permeten fer el seguiment i an\u00e0lisi del comportament dels usuaris en els llocs web. La informaci\u00f3 recollida mitjan\u00e7ant aquest tipus de galetes s&#8217;utilitza en el mesurament de l&#8217;activitat dels llocs web, aplicaci\u00f3 o plataforma i per a l&#8217;elaboraci\u00f3 de perfils de navegaci\u00f3 dels usuaris d&#8217;aquests llocs, per tal d&#8217;introduir millores en el servei en funci\u00f3 de les dades d&#8217;\u00fas que fan els usuaris.<\/p>\n<h4>Cookies de tercers<\/h4>\n<p>En algunes p\u00e0gines web es poden instal\u00b7lar cookies de tercers que permeten gestionar i millorar els serveis oferts. Com per exemple, serveis estad\u00edstics de Google Analytics.<\/p>\n<h3>Com administrar les cookies al navegador?<\/h3>\n<p>L&#8217;usuari t\u00e9 l&#8217;opci\u00f3 de permetre, bloquejar o eliminar les cookies instal\u00b7lades en el seu equip mitjan\u00e7ant la configuraci\u00f3 de les opcions del navegador en el vostre terminal:<br \/>\nPot vost\u00e8 permetre, bloquejar o eliminar les cookies instal\u00b7lades en el seu equip mitjan\u00e7ant la configuraci\u00f3 de les opcions del seu navegador. Podeu trobar informaci\u00f3 sobre com fer-ho, en relaci\u00f3 amb els navegadors m\u00e9s comuns, en els links que s&#8217;inclouen a continuaci\u00f3:<\/p>\n<ul>\n<li>Explorer: <a href=\"http:\/\/windows.microsoft.com\/es-es\/windows7\/how-to-manage-cookies-in-internet-explorer-9\">http:\/\/windows.microsoft.com\/es-es\/windows7\/how-to-manage-cookies-in-internet-explorer-9<\/a><\/li>\n<li>Firefox: <a href=\"http:\/\/support.mozilla.org\/es\/products\/firefox\/cookies\">http:\/\/support.mozilla.org\/es\/products\/firefox\/cookies<\/a><\/li>\n<li>Chrome: <a href=\"http:\/\/support.google.com\/chrome\/bin\/answer.py?hl=es&amp;answer=95647\">http:\/\/support.google.com\/chrome\/bin\/answer.py?hl=es&amp;answer=95647<\/a><\/li>\n<li>Safari: <a href=\"http:\/\/support.apple.com\/kb\/ph5042\">http:\/\/support.apple.com\/kb\/ph5042<\/a><\/li>\n<\/ul>\n<p>En cas de bloquejar l&#8217;\u00fas de cookies al seu navegador \u00e9s possible que alguns serveis o funcionalitats de la p\u00e0gina web no estiguin disponibles.<br \/>\nEn alguns navegadors es poden configurar regles espec\u00edfiques per administrar cookies per lloc web, el que ofereix un control m\u00e9s prec\u00eds sobre la privacitat. Aix\u00f2 vol dir que es pot desactivar cookies de tots els llocs excepte d&#8217;aquells en els quals es confi\u00ef.<\/p>\n","protected":false},"excerpt":{"rendered":"<p>Aquesta web utilitza cookies pr\u00f2pies i de tercers per oferir-li una millor experi\u00e8ncia i servei. En navegar o utilitzar els nostres serveis l&#8217;usuari accepta l&#8217;\u00fas que fem de les cookies. No obstant aix\u00f2, l&#8217;usuari t\u00e9 l&#8217;opci\u00f3 d&#8217;impedir la generaci\u00f3 de cookies i l&#8217;eliminaci\u00f3 de les mateixes mitjan\u00e7ant la selecci\u00f3 de la corresponent opci\u00f3 en el&#8230;<\/p>\n","protected":false},"author":3,"featured_media":0,"parent":0,"menu_order":10,"comment_status":"closed","ping_status":"closed","template":"","meta":{"_acf_changed":false,"footnotes":""},"class_list":["post-5156","page","type-page","status-publish","hentry"],"acf":[],"_links":{"self":[{"href":"https:\/\/espaciohd.com\/ca\/wp-json\/wp\/v2\/pages\/5156","targetHints":{"allow":["GET"]}}],"collection":[{"href":"https:\/\/espaciohd.com\/ca\/wp-json\/wp\/v2\/pages"}],"about":[{"href":"https:\/\/espaciohd.com\/ca\/wp-json\/wp\/v2\/types\/page"}],"author":[{"embeddable":true,"href":"https:\/\/espaciohd.com\/ca\/wp-json\/wp\/v2\/users\/3"}],"replies":[{"embeddable":true,"href":"https:\/\/espaciohd.com\/ca\/wp-json\/wp\/v2\/comments?post=5156"}],"version-history":[{"count":0,"href":"https:\/\/espaciohd.com\/ca\/wp-json\/wp\/v2\/pages\/5156\/revisions"}],"wp:attachment":[{"href":"https:\/\/espaciohd.com\/ca\/wp-json\/wp\/v2\/media?parent=5156"}],"curies":[{"name":"wp","href":"https:\/\/api.w.org\/{rel}","templated":true}]}}