{"id":5155,"date":"2017-02-01T18:00:07","date_gmt":"2017-02-01T18:00:07","guid":{"rendered":"https:\/\/espaciohd.com\/?page_id=5155\/"},"modified":"2023-03-21T09:28:39","modified_gmt":"2023-03-21T09:28:39","slug":"taller-oficial","status":"publish","type":"page","link":"https:\/\/espaciohd.com\/ca\/taller-oficial\/","title":{"rendered":"Taller Oficial"},"content":{"rendered":"<p>[vc_row][vc_column width=&#8221;1\/2&#8243;][vc_single_image image=&#8221;5045&#8243; img_size=&#8221;full&#8221; alignment=&#8221;center&#8221;][\/vc_column][vc_column width=&#8221;1\/2&#8243;][vc_column_text]<\/p>\n<h2 style=\"font-size: 30px;\">TALLER OFICIAL<\/h2>\n<h3 style=\"font-size: 30px; color: #ff821b;\">HARLEY DAVIDSON<\/h3>\n<p>Reserva la teva hora: <strong>933 394 874<\/strong> extensi\u00f3 n\u00ba 30<\/p>\n<p>Els t\u00e8cnics del taller d&#8217;ESPAI HARLEY DAVIDSON de Barcelona estan formats en la Harley Davidson University, reben anualment nova formaci\u00f3 de la Motor Company per assegurar la seva absoluta capacitat per treballar sobre les m\u00e0quines dels nostres clients.<\/p>\n<p>Reparaci\u00f3, manteniment, customitzacions s\u00f3n les activitats di\u00e0ries de les que s&#8217;ocupen els nostres t\u00e8cnics.<\/p>\n<p>[\/vc_column_text][\/vc_column][\/vc_row][vc_row][vc_column][vc_empty_space height=&#8221;80px&#8221;][\/vc_column][\/vc_row][vc_row][vc_column width=&#8221;1\/2&#8243;][vc_column_text]<\/p>\n<h2 style=\"font-size: 30px; color: #ff821b;\">NOU SERVEI!<\/h2>\n<h3 style=\"font-size: 30px;\">REPARACIONS PORTA A PORTA<\/h3>\n<p>[\/vc_column_text][\/vc_column][vc_column width=&#8221;1\/2&#8243;][\/vc_column][\/vc_row][vc_row][vc_column][vc_empty_space height=&#8221;20px&#8221;][\/vc_column][\/vc_row][vc_row][vc_column width=&#8221;1\/2&#8243;][vc_column_text el_class=&#8221;taller-lista-nueva&#8221;]Et presentem un nou servei de reparacions Porta a Porta. Nom\u00e9s has de dir-nos on anar i nosaltres ens encarreguem de recollir-la i retornar-la.<\/p>\n<p>Condicions del servei:<\/p>\n<ul>\n<li>El punt de recollida \u00e9s el mateix que el de lliurament<\/li>\n<li>El vehicle ha d&#8217;estar assegurat<\/li>\n<li>En cas de fer el lliurament o la devoluci\u00f3 una persona diferent al propietari necessitem una autoritzaci\u00f3.<\/li>\n<\/ul>\n<p>[\/vc_column_text][\/vc_column][vc_column width=&#8221;1\/2&#8243;][vc_row_inner el_class=&#8221;taller-tabla-titulo&#8221; css=&#8221;.vc_custom_1522070877595{padding-top: 5px !important;padding-bottom: 5px !important;background-color: #ff821b !important;}&#8221;][vc_column_inner][vc_column_text]DE DILLUNS A DIVENDRES DE 10AM A 18PM \u00a0 \u00a0&#8211;\u00a0 PREU PER TRAJECTE[\/vc_column_text][\/vc_column_inner][\/vc_row_inner][vc_row_inner el_class=&#8221;taller-tabla-elemento&#8221; css=&#8221;.vc_custom_1522070725946{border-bottom-width: 1px !important;padding-top: 10px !important;padding-bottom: 10px !important;border-bottom-color: #ffffff !important;border-bottom-style: solid !important;}&#8221;][vc_column_inner width=&#8221;5\/6&#8243;][vc_column_text]Barcelona i fins a 20km[\/vc_column_text][\/vc_column_inner][vc_column_inner width=&#8221;1\/6&#8243;][vc_column_text el_class=&#8221;price&#8221;]55\u20ac[\/vc_column_text][\/vc_column_inner][\/vc_row_inner][vc_row_inner el_class=&#8221;taller-tabla-elemento&#8221; css=&#8221;.vc_custom_1522070725946{border-bottom-width: 1px !important;padding-top: 10px !important;padding-bottom: 10px !important;border-bottom-color: #ffffff !important;border-bottom-style: solid !important;}&#8221;][vc_column_inner width=&#8221;5\/6&#8243;][vc_column_text]Entre 20km i 40km de Barcelona[\/vc_column_text][\/vc_column_inner][vc_column_inner width=&#8221;1\/6&#8243;][vc_column_text el_class=&#8221;price&#8221;]75\u20ac[\/vc_column_text][\/vc_column_inner][\/vc_row_inner][vc_row_inner el_class=&#8221;taller-tabla-elemento&#8221; css=&#8221;.vc_custom_1679390916900{border-bottom-width: 1px !important;padding-top: 10px !important;padding-bottom: 10px !important;border-bottom-color: #ffffff !important;border-bottom-style: solid !important;}&#8221;][vc_column_inner width=&#8221;5\/6&#8243;][vc_column_text]M\u00e9s de 40km de Barcelona[\/vc_column_text][\/vc_column_inner][vc_column_inner width=&#8221;1\/6&#8243;][vc_column_text el_class=&#8221;price&#8221;]Consultar[\/vc_column_text][\/vc_column_inner][\/vc_row_inner][vc_row_inner el_class=&#8221;taller-tabla-elemento&#8221; css=&#8221;.vc_custom_1522071109996{padding-top: 10px !important;padding-bottom: 10px !important;}&#8221;][vc_column_inner width=&#8221;5\/6&#8243;][vc_column_text]P. Subterrani[\/vc_column_text][\/vc_column_inner][vc_column_inner width=&#8221;1\/6&#8243;][vc_column_text el_class=&#8221;price&#8221;]Consultar[\/vc_column_text][\/vc_column_inner][\/vc_row_inner][vc_row_inner el_class=&#8221;taller-tabla-titulo&#8221; css=&#8221;.vc_custom_1522070877595{padding-top: 5px !important;padding-bottom: 5px !important;background-color: #ff821b !important;}&#8221;][vc_column_inner][vc_column_text]SERVEI DE RECOLLIDA EN CAPS DE SETMANA \u00a0 \u00a0&#8211;\u00a0 PREU PER TRAJECTE[\/vc_column_text][\/vc_column_inner][\/vc_row_inner][vc_row_inner el_class=&#8221;taller-tabla-elemento&#8221; css=&#8221;.vc_custom_1522070725946{border-bottom-width: 1px !important;padding-top: 10px !important;padding-bottom: 10px !important;border-bottom-color: #ffffff !important;border-bottom-style: solid !important;}&#8221;][vc_column_inner width=&#8221;5\/6&#8243;][vc_column_text]Barcelona i fins a 20km[\/vc_column_text][\/vc_column_inner][vc_column_inner width=&#8221;1\/6&#8243;][vc_column_text el_class=&#8221;price&#8221;]65\u20ac[\/vc_column_text][\/vc_column_inner][\/vc_row_inner][vc_row_inner el_class=&#8221;taller-tabla-elemento&#8221; css=&#8221;.vc_custom_1522070725946{border-bottom-width: 1px !important;padding-top: 10px !important;padding-bottom: 10px !important;border-bottom-color: #ffffff !important;border-bottom-style: solid !important;}&#8221;][vc_column_inner width=&#8221;5\/6&#8243;][vc_column_text]Entre 20km i 40km de Barcelona[\/vc_column_text][\/vc_column_inner][vc_column_inner width=&#8221;1\/6&#8243;][vc_column_text el_class=&#8221;price&#8221;]85\u20ac[\/vc_column_text][\/vc_column_inner][\/vc_row_inner][vc_row_inner el_class=&#8221;taller-tabla-elemento&#8221; css=&#8221;.vc_custom_1522070725946{border-bottom-width: 1px !important;padding-top: 10px !important;padding-bottom: 10px !important;border-bottom-color: #ffffff !important;border-bottom-style: solid !important;}&#8221;][vc_column_inner width=&#8221;5\/6&#8243;][vc_column_text]M\u00e9s de 40km de Barcelona[\/vc_column_text][\/vc_column_inner][vc_column_inner width=&#8221;1\/6&#8243;][vc_column_text el_class=&#8221;price&#8221;]Consultar[\/vc_column_text][\/vc_column_inner][\/vc_row_inner][vc_row_inner el_class=&#8221;taller-tabla-elemento&#8221; css=&#8221;.vc_custom_1522070725946{border-bottom-width: 1px !important;padding-top: 10px !important;padding-bottom: 10px !important;border-bottom-color: #ffffff !important;border-bottom-style: solid !important;}&#8221;][vc_column_inner width=&#8221;5\/6&#8243;][vc_column_text]Pernoctaci\u00f3[\/vc_column_text][\/vc_column_inner][vc_column_inner width=&#8221;1\/6&#8243;][vc_column_text el_class=&#8221;price&#8221;]55\u20ac[\/vc_column_text][\/vc_column_inner][\/vc_row_inner][\/vc_column][\/vc_row][vc_row][vc_column][vc_empty_space height=&#8221;80px&#8221;][\/vc_column][\/vc_row]<\/p>\n","protected":false},"excerpt":{"rendered":"<p>[vc_row][vc_column width=&#8221;1\/2&#8243;][vc_single_image image=&#8221;5045&#8243; img_size=&#8221;full&#8221; alignment=&#8221;center&#8221;][\/vc_column][vc_column width=&#8221;1\/2&#8243;][vc_column_text] TALLER OFICIAL HARLEY DAVIDSON Reserva la teva hora: 933 394 874 extensi\u00f3 n\u00ba 30 Els t\u00e8cnics del taller d&#8217;ESPAI HARLEY DAVIDSON de Barcelona estan formats en la Harley Davidson University, reben anualment nova formaci\u00f3 de la Motor Company per assegurar la seva absoluta capacitat per treballar sobre les m\u00e0quines&#8230;<\/p>\n","protected":false},"author":3,"featured_media":0,"parent":0,"menu_order":0,"comment_status":"closed","ping_status":"closed","template":"","meta":{"_acf_changed":false,"footnotes":""},"class_list":["post-5155","page","type-page","status-publish","hentry"],"acf":[],"_links":{"self":[{"href":"https:\/\/espaciohd.com\/ca\/wp-json\/wp\/v2\/pages\/5155","targetHints":{"allow":["GET"]}}],"collection":[{"href":"https:\/\/espaciohd.com\/ca\/wp-json\/wp\/v2\/pages"}],"about":[{"href":"https:\/\/espaciohd.com\/ca\/wp-json\/wp\/v2\/types\/page"}],"author":[{"embeddable":true,"href":"https:\/\/espaciohd.com\/ca\/wp-json\/wp\/v2\/users\/3"}],"replies":[{"embeddable":true,"href":"https:\/\/espaciohd.com\/ca\/wp-json\/wp\/v2\/comments?post=5155"}],"version-history":[{"count":0,"href":"https:\/\/espaciohd.com\/ca\/wp-json\/wp\/v2\/pages\/5155\/revisions"}],"wp:attachment":[{"href":"https:\/\/espaciohd.com\/ca\/wp-json\/wp\/v2\/media?parent=5155"}],"curies":[{"name":"wp","href":"https:\/\/api.w.org\/{rel}","templated":true}]}}