{"id":5154,"date":"2017-02-01T18:00:03","date_gmt":"2017-02-01T18:00:03","guid":{"rendered":"https:\/\/espaciohd.com\/?page_id=5154\/"},"modified":"2017-02-14T12:03:24","modified_gmt":"2017-02-14T12:03:24","slug":"recanvis","status":"publish","type":"page","link":"https:\/\/espaciohd.com\/ca\/recanvis\/","title":{"rendered":"Recanvis"},"content":{"rendered":"<p>[vc_row el_class=&#8221;recambios-fila-1&#8243;][vc_column width=&#8221;1\/2&#8243;][vc_column_text]<\/p>\n<h2 style=\"font-size: 30px;\">RECANVIS ORIGINALS<\/h2>\n<h3 style=\"font-size: 30px; color: #ff821b;\">HARLEY DAVIDSON<\/h3>\n<p><strong>Per qu\u00e8 \u00e9s una Harley-Davidson tan especial? Per qu\u00e8 \u00e9s tan diferent de la resta de motos?<\/strong><\/p>\n<p>Per respondre aquestes preguntes el m\u00e9s senzill \u00e9s conduir-ne una. Descobrir les sensacions que t\u2019envaeixen circulant amb una Harley-Davidson \u00e9s f\u00e0cil, descriure-les, no tant. Per\u00f2 hi ha un altre motiu que fa que cada Harley sigui especial.[\/vc_column_text][\/vc_column][vc_column width=&#8221;1\/2&#8243;][vc_single_image image=&#8221;4306&#8243; img_size=&#8221;full&#8221; alignment=&#8221;center&#8221;][\/vc_column][\/vc_row][vc_row el_id=&#8221;recambios-blankspace&#8221;][vc_column][vc_empty_space height=&#8221;80px&#8221;][\/vc_column][\/vc_row][vc_row][vc_column width=&#8221;1\/2&#8243;][vc_column_text]\u00c9s dif\u00edcil veure\u2019n dues d\u2019iguals, les peces i els accessoris disponibles per personalitzar la teva moto et permeten crear la teva m\u00e0quina perfecte, tant est\u00e8ticament com en la pr\u00e0ctica.<\/p>\n<p>A ESPACIO HARLEY-DAVIDSON BCN disposem d\u2019un gran nombre de peces i accessoris Harley-Davidson, Screamin&#8217;Eagle i After Market. Suma els teus coneixements i el teu estil propis a l\u2019experi\u00e8ncia del nostre equip hum\u00e0 i crea la teva moto perfecta.[\/vc_column_text][\/vc_column][vc_column width=&#8221;1\/2&#8243;][vc_single_image image=&#8221;4307&#8243; img_size=&#8221;full&#8221; alignment=&#8221;center&#8221;][\/vc_column][\/vc_row][vc_row][vc_column][vc_empty_space height=&#8221;80px&#8221;][\/vc_column][\/vc_row]<\/p>\n","protected":false},"excerpt":{"rendered":"<p>[vc_row el_class=&#8221;recambios-fila-1&#8243;][vc_column width=&#8221;1\/2&#8243;][vc_column_text] RECANVIS ORIGINALS HARLEY DAVIDSON Per qu\u00e8 \u00e9s una Harley-Davidson tan especial? Per qu\u00e8 \u00e9s tan diferent de la resta de motos? Per respondre aquestes preguntes el m\u00e9s senzill \u00e9s conduir-ne una. Descobrir les sensacions que t\u2019envaeixen circulant amb una Harley-Davidson \u00e9s f\u00e0cil, descriure-les, no tant. Per\u00f2 hi ha un altre motiu que&#8230;<\/p>\n","protected":false},"author":3,"featured_media":0,"parent":0,"menu_order":0,"comment_status":"closed","ping_status":"closed","template":"","meta":{"_acf_changed":false,"footnotes":""},"class_list":["post-5154","page","type-page","status-publish","hentry"],"acf":[],"_links":{"self":[{"href":"https:\/\/espaciohd.com\/ca\/wp-json\/wp\/v2\/pages\/5154","targetHints":{"allow":["GET"]}}],"collection":[{"href":"https:\/\/espaciohd.com\/ca\/wp-json\/wp\/v2\/pages"}],"about":[{"href":"https:\/\/espaciohd.com\/ca\/wp-json\/wp\/v2\/types\/page"}],"author":[{"embeddable":true,"href":"https:\/\/espaciohd.com\/ca\/wp-json\/wp\/v2\/users\/3"}],"replies":[{"embeddable":true,"href":"https:\/\/espaciohd.com\/ca\/wp-json\/wp\/v2\/comments?post=5154"}],"version-history":[{"count":0,"href":"https:\/\/espaciohd.com\/ca\/wp-json\/wp\/v2\/pages\/5154\/revisions"}],"wp:attachment":[{"href":"https:\/\/espaciohd.com\/ca\/wp-json\/wp\/v2\/media?parent=5154"}],"curies":[{"name":"wp","href":"https:\/\/api.w.org\/{rel}","templated":true}]}}