{"id":5143,"date":"2017-02-01T17:59:14","date_gmt":"2017-02-01T17:59:14","guid":{"rendered":"https:\/\/espaciohd.com\/?page_id=5143\/"},"modified":"2021-01-27T15:25:24","modified_gmt":"2021-01-27T15:25:24","slug":"financament-i-assegurances","status":"publish","type":"page","link":"https:\/\/espaciohd.com\/ca\/financament-i-assegurances\/","title":{"rendered":"Finan\u00e7ament i assegurances"},"content":{"rendered":"<p>[vc_row][vc_column width=&#8221;1\/2&#8243;][vc_single_image image=&#8221;4321&#8243; img_size=&#8221;full&#8221; alignment=&#8221;center&#8221;][\/vc_column][vc_column width=&#8221;1\/2&#8243;][vc_column_text]<\/p>\n<h3>FINAN\u00c7AMENT I ASSEGURANCES<\/h3>\n<p>Finan\u00e7ament a la teva mida per a la teva Harley-Davidson nova o d&#8217;ocasi\u00f3.<\/p>\n<h4 style=\"color: #ff821b\">CR\u00c8DIT LINEAL<\/h4>\n<p>Mensualitats amb quota fixa, fins a 84 mesos de termini, amb i sense entrada.<\/p>\n<h4 style=\"color: #ff821b\">HARLEY OWN<\/h4>\n<p>Primer tram de finan\u00e7ament a dos, tres, o quatre anys amb una entrada des del 10% i un Valor Futur Garantit on tu decideixes si quedar-te la motocicleta o canviar-la per una de nova, mantenint la quota.<\/p>\n<h4 style=\"color: #ff821b\">AMPLIACI\u00d3 DE GARANTIA<\/h4>\n<p>El complement ideal per a la protecci\u00f3 de la teva moto nova o usada. Harley-Davidson Warranty Services t&#8217;ofereix una extensi\u00f3 de garantia similar a la de f\u00e0brica. Pots contractar-la durant la garantia oficial per a un, dos o tres anys. En moto d&#8217;ocasi\u00f3 \u00e9s possible contractar-la en motos inferiors a deu anys i 80.000 km.<\/p>\n<h4 style=\"color: #ff821b\">ASSEGURANCES HARLEY<\/h4>\n<p>El millor preu i cobertura per a la teva moto. Assegurances a tercers, tercers amb robatori i incendi i tot risc, amb una franqu\u00edcia m\u00ednima i per a qualsevol antiguitat en el perm\u00eds de conducci\u00f3. Consulta&#8217;ns!<\/p>\n<p>&nbsp;<\/p>\n","protected":false},"excerpt":{"rendered":"<p>[vc_row][vc_column width=&#8221;1\/2&#8243;][vc_single_image image=&#8221;4321&#8243; img_size=&#8221;full&#8221; alignment=&#8221;center&#8221;][\/vc_column][vc_column width=&#8221;1\/2&#8243;][vc_column_text] FINAN\u00c7AMENT I ASSEGURANCES Finan\u00e7ament a la teva mida per a la teva Harley-Davidson nova o d&#8217;ocasi\u00f3. CR\u00c8DIT LINEAL Mensualitats amb quota fixa, fins a 84 mesos de termini, amb i sense entrada. HARLEY OWN Primer tram de finan\u00e7ament a dos, tres, o quatre anys amb una entrada des del&#8230;<\/p>\n","protected":false},"author":3,"featured_media":0,"parent":0,"menu_order":0,"comment_status":"closed","ping_status":"closed","template":"","meta":{"_acf_changed":false,"footnotes":""},"class_list":["post-5143","page","type-page","status-publish","hentry"],"acf":[],"_links":{"self":[{"href":"https:\/\/espaciohd.com\/ca\/wp-json\/wp\/v2\/pages\/5143","targetHints":{"allow":["GET"]}}],"collection":[{"href":"https:\/\/espaciohd.com\/ca\/wp-json\/wp\/v2\/pages"}],"about":[{"href":"https:\/\/espaciohd.com\/ca\/wp-json\/wp\/v2\/types\/page"}],"author":[{"embeddable":true,"href":"https:\/\/espaciohd.com\/ca\/wp-json\/wp\/v2\/users\/3"}],"replies":[{"embeddable":true,"href":"https:\/\/espaciohd.com\/ca\/wp-json\/wp\/v2\/comments?post=5143"}],"version-history":[{"count":0,"href":"https:\/\/espaciohd.com\/ca\/wp-json\/wp\/v2\/pages\/5143\/revisions"}],"wp:attachment":[{"href":"https:\/\/espaciohd.com\/ca\/wp-json\/wp\/v2\/media?parent=5143"}],"curies":[{"name":"wp","href":"https:\/\/api.w.org\/{rel}","templated":true}]}}