{"id":34120,"date":"2021-10-08T08:00:37","date_gmt":"2021-10-08T08:00:37","guid":{"rendered":"https:\/\/espaciohd.com\/ocasiondev\/"},"modified":"2021-10-20T08:47:51","modified_gmt":"2021-10-20T08:47:51","slug":"ocasion","status":"publish","type":"page","link":"https:\/\/espaciohd.com\/ca\/ocasion\/","title":{"rendered":"M. Ocasi\u00f3n"},"content":{"rendered":"<p>[vc_row full_width=&#8221;stretch_row&#8221; parallax=&#8221;content-moving&#8221; css=&#8221;.vc_custom_1485172621791{margin-bottom: 0px !important;padding-top: 180px !important;padding-bottom: 180px !important;background: #020202 url(https:\/\/espaciohd.com\/wp-content\/uploads\/2016\/11\/alquilahd.jpg?id=4635);background-position: center;background-repeat: no-repeat !important;background-size: contain !important;}&#8221;][vc_column][\/vc_column][\/vc_row][vc_row css=&#8221;.vc_custom_1481652972608{margin-top: -177px !important;}&#8221;][vc_column css=&#8221;.vc_custom_1481653125529{background-color: #0e1315 !important;}&#8221;][stm_classic_filter sidebar=&#8221;0&#8243; css=&#8221;.vc_custom_1481709016866{padding-top: 0px !important;padding-right: 30px !important;padding-left: 30px !important;}&#8221;][\/vc_column][\/vc_row][vc_row el_id=&#8221;anchor_desplegables&#8221;][vc_column][vc_tta_accordion][vc_tta_section title=&#8221;REVISI\u00d3 DE 99 PUNTS &#8221; tab_id=&#8221;1633683827664-fc59b194-10ea&#8221;][vc_column_text]Totes les motocicletes H-D Originals es lliuren amb la revisi\u00f3 de 99 punts realitzada en el mateix concessionari on la compres. Aquesta revisi\u00f3 inclou una extensa llista de verificacions i comprovacions per assegurar que es compleixen els est\u00e0ndards H-D<sup>\u00ae<\/sup> en mec\u00e0nica, funcionament i est\u00e8tica.<\/p>\n<p>S&#8217;inspecciona motor, transmissi\u00f3, suspensi\u00f3, direcci\u00f3, frens, pneum\u00e0tics, llandes entre altres components i un test a la carretera confirma que no hi ha problemes mec\u00e0nics. A m\u00e9s es revisen els controls i tecnologia integrada incloent instrumentaci\u00f3, llums, infotainment, seguretat i seients.[\/vc_column_text][\/vc_tta_section][vc_tta_section title=&#8221;12 MESOS DE GARANTIA &#8221; tab_id=&#8221;1633683827674-0eaed435-3ee5&#8243;][vc_column_text]Les motocicletes H-D Originals compten amb 12 mesos de garantia sense l\u00edmit de quilometratge. Aquesta garantia \u00e9s v\u00e0lida per a tot Europa i et d\u00f3na una \u00e0mplia protecci\u00f3 contra possibles costos de reparaci\u00f3. A m\u00e9s t&#8217;ajuda a mantenir el valor de la teva moto.[\/vc_column_text][\/vc_tta_section][vc_tta_section title=&#8221;VERIFICACI\u00d3 DE QUIL\u00d2METRES &#8221; tab_id=&#8221;1633683954970-69178724-6ba7&#8243;][vc_column_text]Totes les motocicletes H-D Originals es lliuren amb l&#8217;historial revisat i la verificaci\u00f3 que els quil\u00f2metres que indica el comptaquil\u00f2metres s\u00f3n els reals. Coneixem l&#8217;historial de la moto per aix\u00f2 estem tan segurs que \u00e9s una gran compra.[\/vc_column_text][\/vc_tta_section][vc_tta_section title=&#8221;DISPONIBLE \u00daNICAMENT A CONCESIONARIS HARLEY-DAVIDSON\u00ae &#8221; tab_id=&#8221;1633683986510-58aa792e-cbca&#8221;][vc_column_text]Els concessionaris oficials Harley-Davidson\u00ae s\u00f3n els \u00fanics que poden oferir el programa oficial de garanties per a motos d&#8217;ocasi\u00f3 Harley-Davidson\u00ae i donar-te la certificaci\u00f3 que el teu Harley-Davidson d&#8217;ocasi\u00f3 es troba en perfecte estat per a comen\u00e7ar un nou viatge.[\/vc_column_text][\/vc_tta_section][\/vc_tta_accordion][\/vc_column][\/vc_row]<\/p>\n","protected":false},"excerpt":{"rendered":"<p>[vc_row full_width=&#8221;stretch_row&#8221; parallax=&#8221;content-moving&#8221; css=&#8221;.vc_custom_1485172621791{margin-bottom: 0px !important;padding-top: 180px !important;padding-bottom: 180px !important;background: #020202 url(https:\/\/espaciohd.com\/wp-content\/uploads\/2016\/11\/alquilahd.jpg?id=4635);background-position: center;background-repeat: no-repeat !important;background-size: contain !important;}&#8221;][vc_column][\/vc_column][\/vc_row][vc_row css=&#8221;.vc_custom_1481652972608{margin-top: -177px !important;}&#8221;][vc_column css=&#8221;.vc_custom_1481653125529{background-color: #0e1315 !important;}&#8221;][stm_classic_filter sidebar=&#8221;0&#8243; css=&#8221;.vc_custom_1481709016866{padding-top: 0px !important;padding-right: 30px !important;padding-left: 30px !important;}&#8221;][\/vc_column][\/vc_row][vc_row el_id=&#8221;anchor_desplegables&#8221;][vc_column][vc_tta_accordion][vc_tta_section title=&#8221;REVISI\u00d3 DE 99 PUNTS &#8221; tab_id=&#8221;1633683827664-fc59b194-10ea&#8221;][vc_column_text]Totes les motocicletes H-D Originals es lliuren amb la revisi\u00f3 de 99 punts realitzada en el mateix concessionari&#8230;<\/p>\n","protected":false},"author":3,"featured_media":0,"parent":0,"menu_order":0,"comment_status":"closed","ping_status":"closed","template":"","meta":{"_acf_changed":false,"footnotes":""},"class_list":["post-34120","page","type-page","status-publish","hentry"],"acf":[],"_links":{"self":[{"href":"https:\/\/espaciohd.com\/ca\/wp-json\/wp\/v2\/pages\/34120","targetHints":{"allow":["GET"]}}],"collection":[{"href":"https:\/\/espaciohd.com\/ca\/wp-json\/wp\/v2\/pages"}],"about":[{"href":"https:\/\/espaciohd.com\/ca\/wp-json\/wp\/v2\/types\/page"}],"author":[{"embeddable":true,"href":"https:\/\/espaciohd.com\/ca\/wp-json\/wp\/v2\/users\/3"}],"replies":[{"embeddable":true,"href":"https:\/\/espaciohd.com\/ca\/wp-json\/wp\/v2\/comments?post=34120"}],"version-history":[{"count":0,"href":"https:\/\/espaciohd.com\/ca\/wp-json\/wp\/v2\/pages\/34120\/revisions"}],"wp:attachment":[{"href":"https:\/\/espaciohd.com\/ca\/wp-json\/wp\/v2\/media?parent=34120"}],"curies":[{"name":"wp","href":"https:\/\/api.w.org\/{rel}","templated":true}]}}