{"id":11008,"date":"2019-06-12T11:17:42","date_gmt":"2019-06-12T11:17:42","guid":{"rendered":"https:\/\/espaciohd.com\/?page_id=11008\/"},"modified":"2019-06-12T11:18:58","modified_gmt":"2019-06-12T11:18:58","slug":"espacio-harley-davidson-bcn","status":"publish","type":"page","link":"https:\/\/espaciohd.com\/ca\/espacio-harley-davidson-bcn\/","title":{"rendered":"Espacio Harley Davidson BCN"},"content":{"rendered":"<p>[vc_row full_width=&#8221;stretch_row_content_no_spaces&#8221; el_class=&#8221;stm-slider-nice-height&#8221;][vc_column][vc_column_text][rev_slider alias=&#8221;slider-fr&#8221;][\/vc_column_text][\/vc_column][\/vc_row][vc_row full_width=&#8221;stretch_row&#8221; css=&#8221;.vc_custom_1484300400656{margin-bottom: 50px !important;border-top-width: 25px !important;border-top-color: #000000 !important;}&#8221;][vc_column width=&#8221;1\/4&#8243;][vc_column_text el_class=&#8221;bloqueshome&#8221;]<\/p>\n<p style=\"text-align: center\"><a href=\"https:\/\/espaciohd.com\/fr\/rechanges\/\"><img loading=\"lazy\" decoding=\"async\" class=\"alignnone size-full wp-image-4538\" src=\"https:\/\/espaciohd.com\/wp-content\/uploads\/2015\/09\/recambios.jpg\" alt=\"recambios\" width=\"266\" height=\"266\" srcset=\"https:\/\/espaciohd.com\/wp-content\/uploads\/2015\/09\/recambios.jpg 266w, https:\/\/espaciohd.com\/wp-content\/uploads\/2015\/09\/recambios-150x150.jpg 150w\" sizes=\"auto, (max-width: 266px) 100vw, 266px\" \/><\/a><\/p>\n<div class=\"texto-absolute\">\n<p style=\"text-align: center\"><a href=\"https:\/\/espaciohd.com\/fr\/rechanges\/\">RECHANGES<\/a><\/p>\n<\/div>\n<p>[\/vc_column_text][\/vc_column][vc_column width=&#8221;1\/4&#8243;][vc_column_text el_class=&#8221;bloqueshome&#8221;]<\/p>\n<p style=\"text-align: center\"><a href=\"https:\/\/espaciohd.com\/fr\/atelier-officiel\/\"><img loading=\"lazy\" decoding=\"async\" class=\"alignnone size-full wp-image-4547\" src=\"https:\/\/espaciohd.com\/wp-content\/uploads\/2015\/09\/sl2.jpg\" alt=\"sl2\" width=\"266\" height=\"266\" srcset=\"https:\/\/espaciohd.com\/wp-content\/uploads\/2015\/09\/sl2.jpg 266w, https:\/\/espaciohd.com\/wp-content\/uploads\/2015\/09\/sl2-150x150.jpg 150w\" sizes=\"auto, (max-width: 266px) 100vw, 266px\" \/><\/a><\/p>\n<div class=\"texto-absolute\">\n<p style=\"text-align: center\"><a href=\"https:\/\/espaciohd.com\/fr\/atelier-officiel\/\">ATELIER<\/a><\/p>\n<\/div>\n<p>[\/vc_column_text][\/vc_column][vc_column width=&#8221;1\/4&#8243;][vc_column_text el_class=&#8221;bloqueshome&#8221;]<\/p>\n<p style=\"text-align: center\"><a href=\"https:\/\/espaciohd.com\/fr\/boutique\/\"><img loading=\"lazy\" decoding=\"async\" class=\"alignnone size-full wp-image-4548\" src=\"https:\/\/espaciohd.com\/wp-content\/uploads\/2015\/09\/sl3.jpg\" alt=\"sl3\" width=\"266\" height=\"266\" srcset=\"https:\/\/espaciohd.com\/wp-content\/uploads\/2015\/09\/sl3.jpg 266w, https:\/\/espaciohd.com\/wp-content\/uploads\/2015\/09\/sl3-150x150.jpg 150w\" sizes=\"auto, (max-width: 266px) 100vw, 266px\" \/><\/a><\/p>\n<div class=\"texto-absolute\">\n<p style=\"text-align: center\"><a href=\"https:\/\/espaciohd.com\/fr\/boutique\/\">BOUTIQUE<\/a><\/p>\n<\/div>\n<p>[\/vc_column_text][\/vc_column][vc_column width=&#8221;1\/4&#8243;][vc_column_text el_class=&#8221;bloqueshome&#8221;]<\/p>\n<p style=\"text-align: center\"><a href=\"https:\/\/espaciohd.com\/fr\/99-moto-bar\/\"><img loading=\"lazy\" decoding=\"async\" class=\"alignnone size-full wp-image-4549\" src=\"https:\/\/espaciohd.com\/wp-content\/uploads\/2015\/09\/sl4.jpg\" alt=\"sl4\" width=\"266\" height=\"266\" srcset=\"https:\/\/espaciohd.com\/wp-content\/uploads\/2015\/09\/sl4.jpg 266w, https:\/\/espaciohd.com\/wp-content\/uploads\/2015\/09\/sl4-150x150.jpg 150w\" sizes=\"auto, (max-width: 266px) 100vw, 266px\" \/><\/a><\/p>\n<div class=\"texto-absolute\">\n<p style=\"text-align: center\"><a href=\"https:\/\/espaciohd.com\/fr\/99-moto-bar\/\">99% MOTO BAR<\/a><\/p>\n<\/div>\n<p>[\/vc_column_text][\/vc_column][\/vc_row][vc_row full_width=&#8221;stretch_row&#8221; css=&#8221;.vc_custom_1481291153726{margin-bottom: 60px !important;}&#8221;][vc_column][vc_row_inner][vc_column_inner][vc_custom_heading text=&#8221;NOUS AVONS LA HARLEY-DAVIDSON QU\u2019IL VOUS FAUT&#8221; font_container=&#8221;tag:h2|text_align:center|color:%23ffffff&#8221; use_theme_fonts=&#8221;yes&#8221; css=&#8221;.vc_custom_1487580127092{margin-bottom: 45px !important;}&#8221;][\/vc_column_inner][\/vc_row_inner][vc_row_inner css=&#8221;.vc_custom_1470891410097{margin-bottom: 0px !important;}&#8221;][vc_column_inner width=&#8221;1\/2&#8243;][vc_column_text el_class=&#8221;bloques2home&#8221;]<\/p>\n<div class=\"stm_mc-image-category\">\n<div class=\"links\">\n<div class=\"sub-links\"><a href=\"http:\/\/www.harley-davidson.com\/es_ES\/Motorcycles\/motorcycles.html\"><br \/>\nMOTOS DE <\/a><\/div>\n<p><a class=\"heading-font\" href=\"http:\/\/www.harley-davidson.com\/es_ES\/Motorcycles\/motorcycles.html\"><br \/>\nGAMME ACTUELLE (2019) <\/a><\/p>\n<\/div>\n<div class=\"inner\"><a href=\"http:\/\/www.harley-davidson.com\/es_ES\/Motorcycles\/motorcycles.html\"><br \/>\n<img decoding=\"async\" src=\"https:\/\/espaciohd.com\/wp-content\/uploads\/2017\/01\/web-16-hd-roadster-1.jpg\" \/><br \/>\n<\/a><\/div>\n<\/div>\n<p>[\/vc_column_text][\/vc_column_inner][vc_column_inner width=&#8221;1\/2&#8243;][vc_column_text el_class=&#8221;bloques2home&#8221;]<\/p>\n<div class=\"stm_mc-image-category\">\n<div class=\"links\">\n<div class=\"sub-links\"><a href=\"https:\/\/espaciohd.com\/fr\/personnalization\/\"><br \/>\nMOTOS <\/a><\/div>\n<p><a class=\"heading-font\" href=\"https:\/\/espaciohd.com\/fr\/personnalization\/\"><br \/>\nCUSTOM <\/a><\/p>\n<\/div>\n<div class=\"inner\"><a href=\"https:\/\/espaciohd.com\/fr\/personnalization\/\"><br \/>\n<img decoding=\"async\" src=\"https:\/\/espaciohd.com\/wp-content\/uploads\/2017\/01\/monster.jpg\" \/><br \/>\n<\/a><\/div>\n<\/div>\n<p>[\/vc_column_text][\/vc_column_inner][\/vc_row_inner][vc_row_inner css=&#8221;.vc_custom_1470891410097{margin-bottom: 0px !important;}&#8221;][vc_column_inner width=&#8221;1\/2&#8243;][vc_column_text el_class=&#8221;bloques2home&#8221;]<\/p>\n<div class=\"stm_mc-image-category\">\n<div class=\"links\">\n<div class=\"sub-links\"><a href=\"https:\/\/espaciohd.com\/fr\/m-occasion\/?tipo=ocasion&amp;view_type=grid\">MOTOS<\/a><\/div>\n<p><a class=\"heading-font\" href=\"https:\/\/espaciohd.com\/fr\/m-occasion\/?tipo=ocasion&amp;view_type=grid\"><br \/>\nD&#8217;OCCASION<\/a><\/p>\n<\/div>\n<div class=\"inner\"><a href=\"https:\/\/espaciohd.com\/fr\/m-occasion\/?tipo=ocasion&amp;view_type=grid\"><br \/>\n<img decoding=\"async\" src=\"https:\/\/espaciohd.com\/wp-content\/uploads\/2017\/01\/b1-2.jpg\" \/><br \/>\n<\/a><\/div>\n<\/div>\n<p>[\/vc_column_text][\/vc_column_inner][vc_column_inner width=&#8221;1\/2&#8243;][vc_column_text el_class=&#8221;bloques2home&#8221;]<\/p>\n<div class=\"stm_mc-image-category\">\n<div class=\"links\">\n<div class=\"sub-links\"><a href=\"https:\/\/espaciohd.com\/fr\/louez-une-harley-davidson\/?tipo=alquiler\">MOTOS \u00c0<\/a><\/div>\n<p><a class=\"heading-font\" href=\"https:\/\/espaciohd.com\/fr\/louez-une-harley-davidson\/?tipo=alquiler\"><br \/>\nLOUER <\/a><\/p>\n<\/div>\n<div class=\"inner\"><a href=\"https:\/\/espaciohd.com\/fr\/louez-une-harley-davidson\/?tipo=alquiler\"><br \/>\n<img decoding=\"async\" src=\"https:\/\/espaciohd.com\/wp-content\/uploads\/2017\/01\/DYNA.jpg\" \/><br \/>\n<\/a><\/div>\n<\/div>\n<p>[\/vc_column_text][\/vc_column_inner][\/vc_row_inner][\/vc_column][\/vc_row][vc_row parallax=&#8221;content-moving&#8221; css=&#8221;.vc_custom_1481628756928{margin-bottom: 80px !important;padding-top: 200px !important;padding-bottom: 200px !important;background-image: url(https:\/\/espaciohd.com\/wp-content\/uploads\/2015\/09\/harley.jpg?id=4625) !important;background-position: center;background-repeat: no-repeat !important;background-size: cover !important;}&#8221; el_class=&#8221;stm-fullwidth-with-parallax&#8221;][vc_column][\/vc_column][\/vc_row][vc_row css=&#8221;.vc_custom_1482230675677{margin-bottom: 90px !important;}&#8221; el_id=&#8221;home-productos-recomendados&#8221;][vc_column][vc_custom_heading text=&#8221;PRODUITS RECOMMAND\u00c9S&#8221; font_container=&#8221;tag:h3|font_size:30px|text_align:left|color:%23ffffff&#8221; use_theme_fonts=&#8221;yes&#8221; css=&#8221;.vc_custom_1487580438959{margin-bottom: 60px !important;}&#8221;][stm_carousel image_size=&#8221;full&#8221; slides_per_row=&#8221;3&#8243; images=&#8221;4988,4985,4992,4976,4989,4982,4984&#8243;][\/vc_column][\/vc_row][vc_row full_width=&#8221;stretch_row_content_no_spaces&#8221; parallax=&#8221;content-moving&#8221; css=&#8221;.vc_custom_1481563811181{margin-bottom: 80px !important;padding-top: 200px !important;padding-bottom: 200px !important;background-image: url(https:\/\/espaciohd.com\/wp-content\/uploads\/2015\/09\/motorista-bw.jpg?id=4592) !important;background-position: center;background-repeat: no-repeat !important;background-size: contain !important;}&#8221; el_class=&#8221;stm-fullwidth-with-parallax&#8221;][vc_column][\/vc_column][\/vc_row][vc_row css=&#8221;.vc_custom_1482833750550{margin-bottom: 90px !important;}&#8221; el_class=&#8221;hd-noticias-home&#8221;][vc_column][vc_custom_heading text=&#8221; &#8221; font_container=&#8221;tag:h2|text_align:left|color:%23ffffff&#8221; use_theme_fonts=&#8221;yes&#8221; css=&#8221;.vc_custom_1490786100385{margin-bottom: 60px !important;}&#8221;][vc_basic_grid post_type=&#8221;post&#8221; max_items=&#8221;3&#8243; item=&#8221;4721&#8243; grid_id=&#8221;vc_gid:1560338443670-eebbf0f4-f760-2&#8243; el_class=&#8221;home-post-list&#8221;][\/vc_column][\/vc_row][vc_row css=&#8221;.vc_custom_1481628608749{margin-bottom: 90px !important;}&#8221;][vc_column width=&#8221;1\/2&#8243;][vc_custom_heading text=&#8221;ATELIER OFFICIEL<br \/>\nPrenez rendez-vous : 933 394 874&#8243; font_container=&#8221;tag:h2|text_align:left|color:%23ffffff&#8221; use_theme_fonts=&#8221;yes&#8221; css=&#8221;.vc_custom_1487586395662{margin-bottom: 25px !important;}&#8221;][vc_single_image image=&#8221;4615&#8243; img_size=&#8221;full&#8221; css=&#8221;.vc_custom_1481627685678{margin-bottom: 10px !important;}&#8221;][vc_column_text el_class=&#8221;home-text-list&#8221;]Les m\u00e9caniciens de l\u2019atelier de l\u2019ESPACE HARLEY DAVIDSON de Barcelone ont \u00e9t\u00e9 form\u00e9s \u00e0 la Harley Davidson University, avec chaque ann\u00e9e une nouvelle formation dispens\u00e9e par la Motor Company pour garantir une intervention de qualit\u00e9 sur les motos de nos clients.<\/p>\n<ul>\n<li>R\u00e9paration<\/li>\n<li>Entretien<\/li>\n<li>Personnalisations<\/li>\n<\/ul>\n<p>[\/vc_column_text][\/vc_column][vc_column width=&#8221;1\/2&#8243;][vc_single_image image=&#8221;4623&#8243; img_size=&#8221;full&#8221;][\/vc_column][\/vc_row]<\/p>\n","protected":false},"excerpt":{"rendered":"<p>[vc_row full_width=&#8221;stretch_row_content_no_spaces&#8221; el_class=&#8221;stm-slider-nice-height&#8221;][vc_column][vc_column_text][rev_slider alias=&#8221;slider-fr&#8221;][\/vc_column_text][\/vc_column][\/vc_row][vc_row full_width=&#8221;stretch_row&#8221; css=&#8221;.vc_custom_1484300400656{margin-bottom: 50px !important;border-top-width: 25px !important;border-top-color: #000000 !important;}&#8221;][vc_column width=&#8221;1\/4&#8243;][vc_column_text el_class=&#8221;bloqueshome&#8221;] RECHANGES [\/vc_column_text][\/vc_column][vc_column width=&#8221;1\/4&#8243;][vc_column_text el_class=&#8221;bloqueshome&#8221;] ATELIER [\/vc_column_text][\/vc_column][vc_column width=&#8221;1\/4&#8243;][vc_column_text el_class=&#8221;bloqueshome&#8221;] BOUTIQUE [\/vc_column_text][\/vc_column][vc_column width=&#8221;1\/4&#8243;][vc_column_text el_class=&#8221;bloqueshome&#8221;] 99% MOTO BAR [\/vc_column_text][\/vc_column][\/vc_row][vc_row full_width=&#8221;stretch_row&#8221; css=&#8221;.vc_custom_1481291153726{margin-bottom: 60px !important;}&#8221;][vc_column][vc_row_inner][vc_column_inner][vc_custom_heading text=&#8221;NOUS AVONS LA HARLEY-DAVIDSON QU\u2019IL VOUS FAUT&#8221; font_container=&#8221;tag:h2|text_align:center|color:%23ffffff&#8221; use_theme_fonts=&#8221;yes&#8221; css=&#8221;.vc_custom_1487580127092{margin-bottom: 45px !important;}&#8221;][\/vc_column_inner][\/vc_row_inner][vc_row_inner css=&#8221;.vc_custom_1470891410097{margin-bottom: 0px !important;}&#8221;][vc_column_inner width=&#8221;1\/2&#8243;][vc_column_text el_class=&#8221;bloques2home&#8221;] MOTOS DE GAMME ACTUELLE&#8230;<\/p>\n","protected":false},"author":5,"featured_media":0,"parent":0,"menu_order":0,"comment_status":"closed","ping_status":"closed","template":"","meta":{"_acf_changed":false,"footnotes":""},"class_list":["post-11008","page","type-page","status-publish","hentry"],"acf":[],"_links":{"self":[{"href":"https:\/\/espaciohd.com\/ca\/wp-json\/wp\/v2\/pages\/11008","targetHints":{"allow":["GET"]}}],"collection":[{"href":"https:\/\/espaciohd.com\/ca\/wp-json\/wp\/v2\/pages"}],"about":[{"href":"https:\/\/espaciohd.com\/ca\/wp-json\/wp\/v2\/types\/page"}],"author":[{"embeddable":true,"href":"https:\/\/espaciohd.com\/ca\/wp-json\/wp\/v2\/users\/5"}],"replies":[{"embeddable":true,"href":"https:\/\/espaciohd.com\/ca\/wp-json\/wp\/v2\/comments?post=11008"}],"version-history":[{"count":0,"href":"https:\/\/espaciohd.com\/ca\/wp-json\/wp\/v2\/pages\/11008\/revisions"}],"wp:attachment":[{"href":"https:\/\/espaciohd.com\/ca\/wp-json\/wp\/v2\/media?parent=11008"}],"curies":[{"name":"wp","href":"https:\/\/api.w.org\/{rel}","templated":true}]}}